{"id":948,"date":"2019-03-18T17:14:29","date_gmt":"2019-03-18T17:14:29","guid":{"rendered":"http:\/\/www.hoteldefrance-montauban.fr\/?page_id=948"},"modified":"2022-02-13T09:17:56","modified_gmt":"2022-02-13T09:17:56","slug":"lhotel-son-histoire-dhier-a-aujourdhui","status":"publish","type":"page","link":"https:\/\/www.hoteldefrance-montauban.fr\/?page_id=948","title":{"rendered":"L&rsquo;h\u00f4tel, son histoire d&rsquo;hier \u00e0 aujourd&rsquo;hui"},"content":{"rendered":"<p><span style=\"color: #000000;\">Au c\u0153ur du Pays de Broc\u00e9liande, nous sommes situ\u00e9s \u00e0 proximit\u00e9 de l\u2019axe Rennes\/Saint-Brieuc\/Brest \u00e0 20 minutes et 45 minutes de Saint-Malo. R\u00e9gion de l\u00e9gendes et circuit touristique nous vous recevons dans un cadre chaleureux et convivial.<\/span><\/p>\n<p><span style=\"color: #000000;\">En centre-ville, l\u2019H\u00f4tel de France, avec ses 12 chambres class\u00e9es, vous propose le confort d\u2019un \u00e9tablissement de caract\u00e8re.<\/span><\/p>\n<p><span style=\"color: #000000;\">Parce que votre s\u00e9jour doit \u00eatre un moment de d\u00e9tente et de tranquillit\u00e9 Philippe Bellamy vous accueille pour une halte professionnelle, touristique ou vos vacances dans \u00e9tablissement charg\u00e9 d&rsquo;histoires.<\/span><\/p>\n<p><span style=\"color: #000000;\">L\u2019H\u00f4tel de France, avec la \u00ab Grand\u2019maison \u00bb, est l\u2019un des derniers commerces embl\u00e9matiques du patrimoine \u00e9conomique de Montauban-de-Bretagne depuis le d\u00e9but d\u00e8s le du XXe si\u00e8cle.<\/span><\/p>\n<p><span style=\"color: #000000;\"><img fetchpriority=\"high\" decoding=\"async\" class=\"size-full wp-image-984 alignleft\" src=\"http:\/\/www.hoteldefrance-montauban.fr\/wp-content\/uploads\/096_001-e1552931349810.jpg\" alt=\"\" width=\"531\" height=\"337\"><\/span><\/p>\n<p>&nbsp;<\/p>\n<p>&nbsp;<\/p>\n<p><span style=\"color: #000000;\">Il n&rsquo;y a pas de documents permettant de d\u00e9finir la date exacte de l&rsquo;ouverture de l&rsquo;H\u00f4tel de France, il semblerait cependant que l&rsquo;\u00e9tablissement n&rsquo;\u00e9tait pas au m\u00eame endroit qu&rsquo;aujourd&rsquo;hui.&nbsp;<\/span><\/p>\n<p><img decoding=\"async\" class=\"size-full wp-image-985 alignright\" src=\"http:\/\/www.hoteldefrance-montauban.fr\/wp-content\/uploads\/596_001-e1552929138907.png\" alt=\"\" width=\"400\" height=\"256\"><\/p>\n<p>&nbsp;<\/p>\n<p>&nbsp;<\/p>\n<p>&nbsp;<\/p>\n<p>&nbsp;<\/p>\n<p>&nbsp;<\/p>\n<p>&nbsp;<\/p>\n<p><span style=\"color: #000000;\">Un peu plus bas, il se trouvait \u00e0 l&rsquo;angle du carrefour des routes de Brest\/Saint Brieuc (en lieu et place de la boulangerie \u00e0 ce jour), face aux halles qui depuis ont \u00e9t\u00e9 remplac\u00e9es par l&rsquo;ancienne mairie puis par la place \u00ab\u00a0Terrasses du c\u0153ur de ville\u00a0\u00bb en 2017.<\/span><\/p>\n<p><span style=\"color: #000000; letter-spacing: 0.8px;\">Ensuite l&rsquo;h\u00f4tel se d\u00e9place en haut de \u00ab\u00a0La grande rue\u00a0\u00bb face \u00e0 la \u00ab\u00a0Grand&rsquo; Maison\u00a0\u00bb et \u00e0 proximit\u00e9 de l&rsquo;\u00e9glise. Il prend sa configuration actuelle au tout d\u00e9but des ann\u00e9es 70 avec son extension par la droite.<\/span><\/p>\n<p><span style=\"color: #000000;\"><img decoding=\"async\" class=\"alignleft wp-image-995\" src=\"http:\/\/www.hoteldefrance-montauban.fr\/wp-content\/uploads\/montauban--e1552937178528.jpg\" alt=\"\" width=\"370\" height=\"260\"><\/span><img loading=\"lazy\" decoding=\"async\" class=\"wp-image-999 alignright\" style=\"letter-spacing: 0.8px;\" src=\"http:\/\/www.hoteldefrance-montauban.fr\/wp-content\/uploads\/122011-e1553426555877.jpg\" alt=\"\" width=\"400\" height=\"260\"><\/p>\n<p>&nbsp;<\/p>\n<p>&nbsp;<\/p>\n<p>&nbsp;<\/p>\n<p>&nbsp;<\/p>\n<p>&nbsp;<\/p>\n<p>&nbsp;<\/p>\n<p style=\"text-align: center;\">&nbsp;<\/p>\n<p><span style=\"color: #000000;\">C&rsquo;est en 2000 que Mr et Mme BELLAMY reprennent l&rsquo;\u00e9tablissement, qui cependant demandera plusieurs semaines d&rsquo;am\u00e9nagement avant d\u2019accueillir la client\u00e8le du bar et du restaurant. L&rsquo;h\u00f4tel n\u00e9cessitera plusieurs ann\u00e9es de travaux afin d&rsquo;apporter confort et s\u00e9curit\u00e9, la pose de fen\u00eatres insonoris\u00e9es au normes a\u00e9roportuaires, alarmes incendie conforme, r\u00e9ception des personnes en situation de handicap et la r\u00e9novation r\u00e9guli\u00e8re des chambres. L&rsquo;attribution des 2 \u00e9toiles en 2015 est un gage de qualit\u00e9 d&rsquo;accueil reconnu sur la r\u00e9gion.<\/span><\/p>\n<p>&nbsp;<\/p>\n\n\n<div class=\"wp-block-image is-style-default\"><figure class=\"aligncenter size-thumbnail\"><img loading=\"lazy\" decoding=\"async\" width=\"420\" height=\"280\" src=\"https:\/\/www.hoteldefrance-montauban.fr\/wp-content\/uploads\/M0212_AG-970-49-3999-2-U-420x280.jpg\" alt=\"\" class=\"wp-image-1206\" srcset=\"https:\/\/www.hoteldefrance-montauban.fr\/wp-content\/uploads\/M0212_AG-970-49-3999-2-U-420x280.jpg 420w, https:\/\/www.hoteldefrance-montauban.fr\/wp-content\/uploads\/M0212_AG-970-49-3999-2-U-24x17.jpg 24w\" sizes=\"(max-width: 420px) 100vw, 420px\" \/><\/figure><\/div>\n\n\n\n<div class=\"wp-block-image is-style-default\"><figure class=\"aligncenter size-full\"><img loading=\"lazy\" decoding=\"async\" width=\"1000\" height=\"288\" src=\"https:\/\/www.hoteldefrance-montauban.fr\/wp-content\/uploads\/banniere2019.jpg\" alt=\"\" class=\"wp-image-933\" srcset=\"https:\/\/www.hoteldefrance-montauban.fr\/wp-content\/uploads\/banniere2019.jpg 1000w, https:\/\/www.hoteldefrance-montauban.fr\/wp-content\/uploads\/banniere2019-632x182.jpg 632w, https:\/\/www.hoteldefrance-montauban.fr\/wp-content\/uploads\/banniere2019-768x221.jpg 768w, https:\/\/www.hoteldefrance-montauban.fr\/wp-content\/uploads\/banniere2019-24x7.jpg 24w, https:\/\/www.hoteldefrance-montauban.fr\/wp-content\/uploads\/banniere2019-36x10.jpg 36w, https:\/\/www.hoteldefrance-montauban.fr\/wp-content\/uploads\/banniere2019-48x14.jpg 48w\" sizes=\"(max-width: 1000px) 100vw, 1000px\" \/><\/figure><\/div>\n","protected":false},"excerpt":{"rendered":"<p>Au c\u0153ur du Pays de Broc\u00e9liande, nous sommes situ\u00e9s \u00e0 proximit\u00e9 de l\u2019axe Rennes\/Saint-Brieuc\/Brest \u00e0 20 minutes et 45 minutes de Saint-Malo. R\u00e9gion de l\u00e9gendes et circuit touristique nous vous recevons dans un cadre chaleureux et convivial. En centre-ville, l\u2019H\u00f4tel&hellip;<\/p>\n<p class=\"more-link-p\"><a class=\"more-link\" href=\"https:\/\/www.hoteldefrance-montauban.fr\/?page_id=948\">Read more &rarr;<\/a><\/p>\n","protected":false},"author":1,"featured_media":0,"parent":0,"menu_order":0,"comment_status":"closed","ping_status":"closed","template":"","meta":{"ngg_post_thumbnail":0,"footnotes":""},"class_list":["post-948","page","type-page","status-publish","hentry"],"_links":{"self":[{"href":"https:\/\/www.hoteldefrance-montauban.fr\/index.php?rest_route=\/wp\/v2\/pages\/948","targetHints":{"allow":["GET"]}}],"collection":[{"href":"https:\/\/www.hoteldefrance-montauban.fr\/index.php?rest_route=\/wp\/v2\/pages"}],"about":[{"href":"https:\/\/www.hoteldefrance-montauban.fr\/index.php?rest_route=\/wp\/v2\/types\/page"}],"author":[{"embeddable":true,"href":"https:\/\/www.hoteldefrance-montauban.fr\/index.php?rest_route=\/wp\/v2\/users\/1"}],"replies":[{"embeddable":true,"href":"https:\/\/www.hoteldefrance-montauban.fr\/index.php?rest_route=%2Fwp%2Fv2%2Fcomments&post=948"}],"version-history":[{"count":21,"href":"https:\/\/www.hoteldefrance-montauban.fr\/index.php?rest_route=\/wp\/v2\/pages\/948\/revisions"}],"predecessor-version":[{"id":1209,"href":"https:\/\/www.hoteldefrance-montauban.fr\/index.php?rest_route=\/wp\/v2\/pages\/948\/revisions\/1209"}],"wp:attachment":[{"href":"https:\/\/www.hoteldefrance-montauban.fr\/index.php?rest_route=%2Fwp%2Fv2%2Fmedia&parent=948"}],"curies":[{"name":"wp","href":"https:\/\/api.w.org\/{rel}","templated":true}]}}