{"id":922,"date":"2019-03-02T17:49:09","date_gmt":"2019-03-02T17:49:09","guid":{"rendered":"http:\/\/www.hoteldefrance-montauban.fr\/?page_id=922"},"modified":"2026-03-31T18:28:52","modified_gmt":"2026-03-31T18:28:52","slug":"hotel-bar-restaurant","status":"publish","type":"page","link":"https:\/\/www.hoteldefrance-montauban.fr\/","title":{"rendered":"H\u00f4tel** Restaurant &#8211; Montauban de Bretagne en pays de Broc\u00e9liande"},"content":{"rendered":"\t\t<div data-elementor-type=\"wp-page\" data-elementor-id=\"922\" class=\"elementor elementor-922\">\n\t\t\t\t<div class=\"elementor-element elementor-element-8988ece e-flex e-con-boxed e-con e-parent\" data-id=\"8988ece\" data-element_type=\"container\" data-e-type=\"container\">\n\t\t\t\t\t<div class=\"e-con-inner\">\n\t\t<div class=\"elementor-element elementor-element-cefd685 e-con-full e-flex e-con e-child\" data-id=\"cefd685\" data-element_type=\"container\" data-e-type=\"container\">\n\t\t\t\t<div class=\"elementor-element elementor-element-ab4ab23 elementor-widget elementor-widget-heading\" data-id=\"ab4ab23\" data-element_type=\"widget\" data-e-type=\"widget\" data-widget_type=\"heading.default\">\n\t\t\t\t<div class=\"elementor-widget-container\">\n\t\t\t\t\t<h2 class=\"elementor-heading-title elementor-size-default\">NOUVEAU<\/h2>\t\t\t\t<\/div>\n\t\t\t\t<\/div>\n\t\t\t\t<\/div>\n\t\t\t\t<div class=\"elementor-element elementor-element-625d8fb elementor-widget elementor-widget-text-editor\" data-id=\"625d8fb\" data-element_type=\"widget\" data-e-type=\"widget\" data-widget_type=\"text-editor.default\">\n\t\t\t\t<div class=\"elementor-widget-container\">\n\t\t\t\t\t\t\t\t\t<p>Votre restaurant est d\u00e9sormais ouvert le samedi soir.<\/p>\t\t\t\t\t\t\t\t<\/div>\n\t\t\t\t<\/div>\n\t\t\t\t\t<\/div>\n\t\t\t\t<\/div>\n\t\t<div class=\"elementor-element elementor-element-ae4239e e-flex e-con-boxed e-con e-parent\" data-id=\"ae4239e\" data-element_type=\"container\" data-e-type=\"container\">\n\t\t\t\t\t<div class=\"e-con-inner\">\n\t\t\t\t<div class=\"elementor-element elementor-element-e9c393c elementor-widget elementor-widget-image\" data-id=\"e9c393c\" data-element_type=\"widget\" data-e-type=\"widget\" data-widget_type=\"image.default\">\n\t\t\t\t<div class=\"elementor-widget-container\">\n\t\t\t\t\t\t\t\t\t\t\t\t\t\t\t<img fetchpriority=\"high\" decoding=\"async\" width=\"440\" height=\"671\" src=\"https:\/\/www.hoteldefrance-montauban.fr\/wp-content\/uploads\/paques2026.jpg\" class=\"attachment-large size-large wp-image-1893\" alt=\"\" srcset=\"https:\/\/www.hoteldefrance-montauban.fr\/wp-content\/uploads\/paques2026.jpg 440w, https:\/\/www.hoteldefrance-montauban.fr\/wp-content\/uploads\/paques2026-16x24.jpg 16w, https:\/\/www.hoteldefrance-montauban.fr\/wp-content\/uploads\/paques2026-24x36.jpg 24w, https:\/\/www.hoteldefrance-montauban.fr\/wp-content\/uploads\/paques2026-31x48.jpg 31w\" sizes=\"(max-width: 440px) 100vw, 440px\" \/>\t\t\t\t\t\t\t\t\t\t\t\t\t\t\t<\/div>\n\t\t\t\t<\/div>\n\t\t\t\t\t<\/div>\n\t\t\t\t<\/div>\n\t\t<div class=\"elementor-element elementor-element-1e43a8f e-flex e-con-boxed e-con e-parent\" data-id=\"1e43a8f\" data-element_type=\"container\" data-e-type=\"container\">\n\t\t\t\t\t<div class=\"e-con-inner\">\n\t\t\t\t<div class=\"elementor-element elementor-element-8797277 elementor-widget elementor-widget-image\" data-id=\"8797277\" data-element_type=\"widget\" data-e-type=\"widget\" data-widget_type=\"image.default\">\n\t\t\t\t<div class=\"elementor-widget-container\">\n\t\t\t\t\t\t\t\t\t\t\t\t\t\t\t<img decoding=\"async\" width=\"1000\" height=\"389\" src=\"https:\/\/www.hoteldefrance-montauban.fr\/wp-content\/uploads\/salle_2021-1.jpg\" class=\"attachment-large size-large wp-image-1404\" alt=\"\" srcset=\"https:\/\/www.hoteldefrance-montauban.fr\/wp-content\/uploads\/salle_2021-1.jpg 1000w, https:\/\/www.hoteldefrance-montauban.fr\/wp-content\/uploads\/salle_2021-1-632x246.jpg 632w, https:\/\/www.hoteldefrance-montauban.fr\/wp-content\/uploads\/salle_2021-1-768x299.jpg 768w, https:\/\/www.hoteldefrance-montauban.fr\/wp-content\/uploads\/salle_2021-1-24x9.jpg 24w, https:\/\/www.hoteldefrance-montauban.fr\/wp-content\/uploads\/salle_2021-1-36x14.jpg 36w, https:\/\/www.hoteldefrance-montauban.fr\/wp-content\/uploads\/salle_2021-1-48x19.jpg 48w\" sizes=\"(max-width: 1000px) 100vw, 1000px\" \/>\t\t\t\t\t\t\t\t\t\t\t\t\t\t\t<\/div>\n\t\t\t\t<\/div>\n\t\t\t\t<div class=\"elementor-element elementor-element-cc584a8 elementor-widget-mobile__width-initial elementor-widget elementor-widget-text-editor\" data-id=\"cc584a8\" data-element_type=\"widget\" data-e-type=\"widget\" data-widget_type=\"text-editor.default\">\n\t\t\t\t<div class=\"elementor-widget-container\">\n\t\t\t\t\t\t\t\t\t<p><strong>Le restaurant vous re\u00e7oit les midis du mardi au dimanche et le mardi, mercredi et jeudi soir.<\/strong><\/p><p><strong>Ferm\u00e9 le lundi<\/strong><\/p>\t\t\t\t\t\t\t\t<\/div>\n\t\t\t\t<\/div>\n\t\t\t\t\t<\/div>\n\t\t\t\t<\/div>\n\t\t<div class=\"elementor-element elementor-element-ad34d57 e-flex e-con-boxed e-con e-parent\" data-id=\"ad34d57\" data-element_type=\"container\" data-e-type=\"container\">\n\t\t\t\t\t<div class=\"e-con-inner\">\n\t\t\t\t<div class=\"elementor-element elementor-element-01f23fd elementor-widget elementor-widget-text-editor\" data-id=\"01f23fd\" data-element_type=\"widget\" data-e-type=\"widget\" data-widget_type=\"text-editor.default\">\n\t\t\t\t<div class=\"elementor-widget-container\">\n\t\t\t\t\t\t\t\t\t<p>Formules midi du mardi au vendredi \u00e0 15,50\u20ac et 22\u20ac.<\/p>\t\t\t\t\t\t\t\t<\/div>\n\t\t\t\t<\/div>\n\t\t\t\t<div class=\"elementor-element elementor-element-9e61702 elementor-widget elementor-widget-text-editor\" data-id=\"9e61702\" data-element_type=\"widget\" data-e-type=\"widget\" data-widget_type=\"text-editor.default\">\n\t\t\t\t<div class=\"elementor-widget-container\">\n\t\t\t\t\t\t\t\t\t<p>Repas de groupe plus de 20 personnes, les vendredis soir et samedis soir sur r\u00e9servation.<\/p>\t\t\t\t\t\t\t\t<\/div>\n\t\t\t\t<\/div>\n\t\t\t\t\t<\/div>\n\t\t\t\t<\/div>\n\t\t\t\t<section class=\"elementor-section elementor-top-section elementor-element elementor-element-6b0505b elementor-section-full_width elementor-section-height-min-height elementor-section-content-top elementor-section-height-default elementor-section-items-middle\" data-id=\"6b0505b\" data-element_type=\"section\" data-e-type=\"section\">\n\t\t\t\t\t\t<div class=\"elementor-container elementor-column-gap-no\">\n\t\t\t\t\t<div class=\"elementor-column elementor-col-100 elementor-top-column elementor-element elementor-element-6f04cddd\" data-id=\"6f04cddd\" data-element_type=\"column\" data-e-type=\"column\">\n\t\t\t<div class=\"elementor-widget-wrap elementor-element-populated\">\n\t\t\t\t\t\t<section class=\"elementor-section elementor-inner-section elementor-element elementor-element-70b6cc36 elementor-section-boxed elementor-section-height-default elementor-section-height-default\" data-id=\"70b6cc36\" data-element_type=\"section\" data-e-type=\"section\">\n\t\t\t\t\t\t<div class=\"elementor-container elementor-column-gap-default\">\n\t\t\t\t\t<div class=\"elementor-column elementor-col-33 elementor-inner-column elementor-element elementor-element-7cabbd0d\" data-id=\"7cabbd0d\" data-element_type=\"column\" data-e-type=\"column\">\n\t\t\t<div class=\"elementor-widget-wrap elementor-element-populated\">\n\t\t\t\t\t\t<div class=\"elementor-element elementor-element-39dc21ee ekit-equal-height-disable elementor-widget elementor-widget-elementskit-image-box\" data-id=\"39dc21ee\" data-element_type=\"widget\" data-e-type=\"widget\" data-widget_type=\"elementskit-image-box.default\">\n\t\t\t\t<div class=\"elementor-widget-container\">\n\t\t\t\t\t<div class=\"ekit-wid-con\" >\n            <div class=\"elementskit-info-image-box ekit-image-box text-center style-sideline\" >\n\n                <a href=\"https:\/\/www.hoteldefrance-montauban.fr\/?page_id=156\">\n                <div class=\"elementskit-box-header image-box-img-center\">\n\n                    <img decoding=\"async\" src=\"https:\/\/www.hoteldefrance-montauban.fr\/wp-content\/uploads\/elementor\/thumbs\/IMG_20250417_183525-scaled-r4j6yekkkp4pkd49h5zwmi95lhgfyj620734t3pkqq.jpg\" title=\"IMG_20250417_183525\" alt=\"IMG_20250417_183525\" loading=\"lazy\" \/>\n                <\/div>\n                <\/a>\n                <div class=\"elementskit-box-body ekit-image-box-body\">\n                    <div class=\"elementskit-box-content ekit-image-box-body-inner\">\n                                                <h3 class=\"elementskit-info-box-title\">\n\n                        Chambre confort\n                        \n                    <\/h3>\n                                                            <div class=\"elementskit-box-style-content\">\n                        A partir de 78\u20ac                    <\/div>\n                                    <\/div>\n\n                            <\/div>\n            <\/div>\n    <\/div>\t\t\t\t<\/div>\n\t\t\t\t<\/div>\n\t\t\t\t\t<\/div>\n\t\t<\/div>\n\t\t\t\t<div class=\"elementor-column elementor-col-33 elementor-inner-column elementor-element elementor-element-24fe8795\" data-id=\"24fe8795\" data-element_type=\"column\" data-e-type=\"column\">\n\t\t\t<div class=\"elementor-widget-wrap elementor-element-populated\">\n\t\t\t\t\t\t<div class=\"elementor-element elementor-element-54173b7 ekit-equal-height-disable elementor-widget elementor-widget-elementskit-image-box\" data-id=\"54173b7\" data-element_type=\"widget\" data-e-type=\"widget\" data-widget_type=\"elementskit-image-box.default\">\n\t\t\t\t<div class=\"elementor-widget-container\">\n\t\t\t\t\t<div class=\"ekit-wid-con\" >\n            <div class=\"elementskit-info-image-box ekit-image-box text-center style-sideline\" >\n\n                <a href=\"https:\/\/www.hoteldefrance-montauban.fr\/?page_id=158\">\n                <div class=\"elementskit-box-header image-box-img-center\">\n\n                    <img decoding=\"async\" src=\"https:\/\/www.hoteldefrance-montauban.fr\/wp-content\/uploads\/elementor\/thumbs\/hotel-de-france-qqyt0xq65p0xm7j9t9yrt3mctgthrxnkv75hns71oi.jpg\" title=\"hotel-de-france\" alt=\"hotel-de-france\" loading=\"lazy\" \/>\n                <\/div>\n                <\/a>\n                <div class=\"elementskit-box-body ekit-image-box-body\">\n                    <div class=\"elementskit-box-content ekit-image-box-body-inner\">\n                                                <h3 class=\"elementskit-info-box-title\">\n\n                        Chambre standard\n                        \n                    <\/h3>\n                                                            <div class=\"elementskit-box-style-content\">\n                        A partir de 68\u20ac                    <\/div>\n                                    <\/div>\n\n                            <\/div>\n            <\/div>\n    <\/div>\t\t\t\t<\/div>\n\t\t\t\t<\/div>\n\t\t\t\t\t<\/div>\n\t\t<\/div>\n\t\t\t\t<div class=\"elementor-column elementor-col-33 elementor-inner-column elementor-element elementor-element-63c20a17\" data-id=\"63c20a17\" data-element_type=\"column\" data-e-type=\"column\">\n\t\t\t<div class=\"elementor-widget-wrap elementor-element-populated\">\n\t\t\t\t\t\t<div class=\"elementor-element elementor-element-988678a ekit-equal-height-disable elementor-widget elementor-widget-elementskit-image-box\" data-id=\"988678a\" data-element_type=\"widget\" data-e-type=\"widget\" data-widget_type=\"elementskit-image-box.default\">\n\t\t\t\t<div class=\"elementor-widget-container\">\n\t\t\t\t\t<div class=\"ekit-wid-con\" >\n            <div class=\"elementskit-info-image-box ekit-image-box text-center style-sideline\" >\n\n                <a href=\"https:\/\/www.hoteldefrance-montauban.fr\/?page_id=30\">\n                <div class=\"elementskit-box-header image-box-img-center\">\n\n                    <img decoding=\"async\" src=\"https:\/\/www.hoteldefrance-montauban.fr\/wp-content\/uploads\/elementor\/thumbs\/salle_resto-scaled-qr1nk9p1be6jlpo30virplszbmpm0rzlplj16v0qbm.jpg\" title=\"salle_resto\" alt=\"salle_resto\" loading=\"lazy\" \/>\n                <\/div>\n                <\/a>\n                <div class=\"elementskit-box-body ekit-image-box-body\">\n                    <div class=\"elementskit-box-content ekit-image-box-body-inner\">\n                                                <h3 class=\"elementskit-info-box-title\">\n\n                        Restaurant Bar\n                        \n                    <\/h3>\n                                                            <div class=\"elementskit-box-style-content\">\n                        Formules et menus                    <\/div>\n                                    <\/div>\n\n                            <\/div>\n            <\/div>\n    <\/div>\t\t\t\t<\/div>\n\t\t\t\t<\/div>\n\t\t\t\t\t<\/div>\n\t\t<\/div>\n\t\t\t\t\t<\/div>\n\t\t<\/section>\n\t\t\t\t\t<\/div>\n\t\t<\/div>\n\t\t\t\t\t<\/div>\n\t\t<\/section>\n\t\t<div class=\"elementor-element elementor-element-b46a950 e-flex e-con-boxed e-con e-parent\" data-id=\"b46a950\" data-element_type=\"container\" data-e-type=\"container\">\n\t\t\t\t\t<div class=\"e-con-inner\">\n\t\t\t\t<div class=\"elementor-element elementor-element-81dfacd elementor-widget elementor-widget-wp-widget-foogallery_widget\" data-id=\"81dfacd\" data-element_type=\"widget\" data-e-type=\"widget\" data-widget_type=\"wp-widget-foogallery_widget.default\">\n\t\t\t\t<div class=\"elementor-widget-container\">\n\t\t\t\t\t<style type=\"text\/css\">\n#foogallery-gallery-1287.fg-simple_portfolio { justify-content: center; --fg-gutter: 5px; }\n#foogallery-gallery-1287.fg-simple_portfolio .fg-item { flex-basis: 240px; }<\/style>\n\t\t\t<div class=\"foogallery foogallery-container foogallery-simple_portfolio foogallery-lightbox-foobox fg-simple_portfolio fg-ready fg-dark fg-border-thin fg-shadow-outline fg-loading-default fg-loaded-fade-in fg-caption-always fg-hover-fade fg-hover-zoom fg-caption-always\" id=\"foogallery-gallery-1287\" data-foogallery=\"{&quot;item&quot;:{&quot;showCaptionTitle&quot;:true,&quot;showCaptionDescription&quot;:true},&quot;lazy&quot;:false,&quot;src&quot;:&quot;src&quot;,&quot;srcset&quot;:&quot;srcset&quot;}\" style=\"--fg-title-line-clamp: 0; --fg-description-line-clamp: 0;\" >\n\t<div class=\"fg-item fg-type-image fg-loaded\"><figure class=\"fg-item-inner\"><a href=\"https:\/\/www.hoteldefrance-montauban.fr\/wp-content\/uploads\/macaron_fraise.jpg\" data-attachment-id=\"1627\" class=\"foogallery-thumb fg-thumb\" data-e-disable-page-transition=\"true\" data-type=\"image\"><span class=\"fg-image-wrap\"><img decoding=\"async\" src=\"https:\/\/www.hoteldefrance-montauban.fr\/wp-content\/uploads\/cache\/macaron_fraise\/1133508352.jpg\" class=\"bf-img skip-lazy fg-image\" height=\"320\" width=\"240\" loading=\"eager\"><\/span><span class=\"fg-image-overlay\"><\/span><\/a><\/figure><div class=\"fg-loader\"><\/div><\/div><div class=\"fg-item fg-type-image fg-loaded\"><figure class=\"fg-item-inner\"><a href=\"https:\/\/www.hoteldefrance-montauban.fr\/wp-content\/uploads\/408441835649933868.jpg\" data-attachment-id=\"1275\" class=\"foogallery-thumb fg-thumb\" data-e-disable-page-transition=\"true\" data-type=\"image\"><span class=\"fg-image-wrap\"><img decoding=\"async\" src=\"https:\/\/www.hoteldefrance-montauban.fr\/wp-content\/uploads\/408441835649933868.jpg\" class=\"bf-img skip-lazy fg-image\" height=\"320\" width=\"240\" loading=\"eager\"><\/span><span class=\"fg-image-overlay\"><\/span><\/a><\/figure><div class=\"fg-loader\"><\/div><\/div><div class=\"fg-item fg-type-image fg-loaded\"><figure class=\"fg-item-inner\"><a href=\"https:\/\/www.hoteldefrance-montauban.fr\/wp-content\/uploads\/assiette_g.jpg\" data-attachment-id=\"1629\" class=\"foogallery-thumb fg-thumb\" data-e-disable-page-transition=\"true\" data-type=\"image\"><span class=\"fg-image-wrap\"><img decoding=\"async\" src=\"https:\/\/www.hoteldefrance-montauban.fr\/wp-content\/uploads\/cache\/assiette_g\/111078982.jpg\" class=\"bf-img skip-lazy fg-image\" height=\"320\" width=\"240\" loading=\"eager\"><\/span><span class=\"fg-image-overlay\"><\/span><\/a><\/figure><div class=\"fg-loader\"><\/div><\/div><div class=\"fg-item fg-type-image fg-loaded\"><figure class=\"fg-item-inner\"><a href=\"https:\/\/www.hoteldefrance-montauban.fr\/wp-content\/uploads\/tian.jpg\" data-attachment-id=\"1630\" class=\"foogallery-thumb fg-thumb\" data-e-disable-page-transition=\"true\" data-type=\"image\"><span class=\"fg-image-wrap\"><img decoding=\"async\" src=\"https:\/\/www.hoteldefrance-montauban.fr\/wp-content\/uploads\/cache\/tian\/1383373301.jpg\" class=\"bf-img skip-lazy fg-image\" height=\"320\" width=\"240\" loading=\"eager\"><\/span><span class=\"fg-image-overlay\"><\/span><\/a><\/figure><div class=\"fg-loader\"><\/div><\/div><\/div>\t\t\t\t<\/div>\n\t\t\t\t<\/div>\n\t\t\t\t\t<\/div>\n\t\t\t\t<\/div>\n\t\t\t\t<\/div>\n\t\t","protected":false},"excerpt":{"rendered":"<p>NOUVEAU Votre restaurant est d\u00e9sormais ouvert le samedi soir. Le restaurant vous re\u00e7oit les midis du mardi au dimanche et le mardi, mercredi et jeudi soir. Ferm\u00e9 le lundi Formules midi du mardi au vendredi \u00e0 15,50\u20ac et 22\u20ac. Repas&hellip;<\/p>\n<p class=\"more-link-p\"><a class=\"more-link\" href=\"https:\/\/www.hoteldefrance-montauban.fr\/\">Read more &rarr;<\/a><\/p>\n","protected":false},"author":1,"featured_media":0,"parent":0,"menu_order":0,"comment_status":"closed","ping_status":"closed","template":"","meta":{"ngg_post_thumbnail":0,"footnotes":""},"class_list":["post-922","page","type-page","status-publish","hentry"],"_links":{"self":[{"href":"https:\/\/www.hoteldefrance-montauban.fr\/index.php?rest_route=\/wp\/v2\/pages\/922","targetHints":{"allow":["GET"]}}],"collection":[{"href":"https:\/\/www.hoteldefrance-montauban.fr\/index.php?rest_route=\/wp\/v2\/pages"}],"about":[{"href":"https:\/\/www.hoteldefrance-montauban.fr\/index.php?rest_route=\/wp\/v2\/types\/page"}],"author":[{"embeddable":true,"href":"https:\/\/www.hoteldefrance-montauban.fr\/index.php?rest_route=\/wp\/v2\/users\/1"}],"replies":[{"embeddable":true,"href":"https:\/\/www.hoteldefrance-montauban.fr\/index.php?rest_route=%2Fwp%2Fv2%2Fcomments&post=922"}],"version-history":[{"count":436,"href":"https:\/\/www.hoteldefrance-montauban.fr\/index.php?rest_route=\/wp\/v2\/pages\/922\/revisions"}],"predecessor-version":[{"id":1918,"href":"https:\/\/www.hoteldefrance-montauban.fr\/index.php?rest_route=\/wp\/v2\/pages\/922\/revisions\/1918"}],"wp:attachment":[{"href":"https:\/\/www.hoteldefrance-montauban.fr\/index.php?rest_route=%2Fwp%2Fv2%2Fmedia&parent=922"}],"curies":[{"name":"wp","href":"https:\/\/api.w.org\/{rel}","templated":true}]}}