{"id":49,"date":"2015-03-14T17:29:47","date_gmt":"2015-03-14T17:29:47","guid":{"rendered":"http:\/\/hotel.triskeledition.fr\/?page_id=49"},"modified":"2020-06-29T17:41:01","modified_gmt":"2020-06-29T17:41:01","slug":"reserver","status":"publish","type":"page","link":"https:\/\/www.hoteldefrance-montauban.fr\/?page_id=49","title":{"rendered":"R\u00e9servations"},"content":{"rendered":"<hr>\n<p style=\"text-align: center;\"><strong><span style=\"color: #333333;\">Les tarifs affich\u00e9s par nos prestataires inclus les frais de gestion de votre r\u00e9servation.<\/span><\/strong><\/p>\n<p style=\"text-align: center;\"><a href=\"https:\/\/www.expedia.fr\/Montauban-De-Bretagne-Hotel-Hotel-De-France.h33437561.Description-Hotel\" target=\"_blank\" rel=\"noopener noreferrer\"><img decoding=\"async\" class=\"aligncenter wp-image-1011 size-full\" src=\"http:\/\/www.hoteldefrance-montauban.fr\/wp-content\/uploads\/actu_30447_vignette_alaune-e1554553213829.jpg\" alt=\"\" width=\"300\" height=\"150\"><\/a><\/p>\n<p style=\"text-align: center;\">&nbsp;<\/p>\n<p style=\"text-align: center;\"><a href=\"https:\/\/fr.hotels.com\/ho1071001952\/\" target=\"_blank\" rel=\"noopener noreferrer\"><img decoding=\"async\" class=\"aligncenter wp-image-1029 size-full\" src=\"http:\/\/www.hoteldefrance-montauban.fr\/wp-content\/uploads\/hotels-com-vector-logo-small-e1593452422122.png\" alt=\"\" width=\"280\" height=\"131\" srcset=\"https:\/\/www.hoteldefrance-montauban.fr\/wp-content\/uploads\/hotels-com-vector-logo-small-e1593452422122.png 280w, https:\/\/www.hoteldefrance-montauban.fr\/wp-content\/uploads\/hotels-com-vector-logo-small-e1593452422122-24x11.png 24w, https:\/\/www.hoteldefrance-montauban.fr\/wp-content\/uploads\/hotels-com-vector-logo-small-e1593452422122-36x17.png 36w, https:\/\/www.hoteldefrance-montauban.fr\/wp-content\/uploads\/hotels-com-vector-logo-small-e1593452422122-48x22.png 48w\" sizes=\"(max-width: 280px) 100vw, 280px\" \/><\/a><\/p>\n<p style=\"text-align: center;\"><strong><span style=\"color: #ff0000;\">Le syst\u00e8me de r\u00e9servation en ligne&nbsp;ne tient pas compte des annulations ou report de r\u00e9servations, des disponibilit\u00e9s de derni\u00e8res minutes peuvent vous \u00eates propos\u00e9es.<\/span><\/strong><\/p>\n<p style=\"text-align: center;\"><strong><span style=\"color: #ff0000;\">Veuillez nous contacter par t\u00e9l\u00e9phone.<\/span><\/strong><\/p>\n<p style=\"text-align: center;\">&nbsp;<\/p>\n","protected":false},"excerpt":{"rendered":"<p>Les tarifs affich\u00e9s par nos prestataires inclus les frais de gestion de votre r\u00e9servation. &nbsp; Le syst\u00e8me de r\u00e9servation en ligne&nbsp;ne tient pas compte des annulations ou report de r\u00e9servations, des disponibilit\u00e9s de derni\u00e8res minutes peuvent vous \u00eates propos\u00e9es. Veuillez&hellip;<\/p>\n<p class=\"more-link-p\"><a class=\"more-link\" href=\"https:\/\/www.hoteldefrance-montauban.fr\/?page_id=49\">Read more &rarr;<\/a><\/p>\n","protected":false},"author":1,"featured_media":0,"parent":0,"menu_order":0,"comment_status":"closed","ping_status":"closed","template":"","meta":{"ngg_post_thumbnail":0,"footnotes":""},"class_list":["post-49","page","type-page","status-publish","hentry"],"_links":{"self":[{"href":"https:\/\/www.hoteldefrance-montauban.fr\/index.php?rest_route=\/wp\/v2\/pages\/49","targetHints":{"allow":["GET"]}}],"collection":[{"href":"https:\/\/www.hoteldefrance-montauban.fr\/index.php?rest_route=\/wp\/v2\/pages"}],"about":[{"href":"https:\/\/www.hoteldefrance-montauban.fr\/index.php?rest_route=\/wp\/v2\/types\/page"}],"author":[{"embeddable":true,"href":"https:\/\/www.hoteldefrance-montauban.fr\/index.php?rest_route=\/wp\/v2\/users\/1"}],"replies":[{"embeddable":true,"href":"https:\/\/www.hoteldefrance-montauban.fr\/index.php?rest_route=%2Fwp%2Fv2%2Fcomments&post=49"}],"version-history":[{"count":46,"href":"https:\/\/www.hoteldefrance-montauban.fr\/index.php?rest_route=\/wp\/v2\/pages\/49\/revisions"}],"predecessor-version":[{"id":1089,"href":"https:\/\/www.hoteldefrance-montauban.fr\/index.php?rest_route=\/wp\/v2\/pages\/49\/revisions\/1089"}],"wp:attachment":[{"href":"https:\/\/www.hoteldefrance-montauban.fr\/index.php?rest_route=%2Fwp%2Fv2%2Fmedia&parent=49"}],"curies":[{"name":"wp","href":"https:\/\/api.w.org\/{rel}","templated":true}]}}