{"id":45,"date":"2015-03-14T17:28:39","date_gmt":"2015-03-14T17:28:39","guid":{"rendered":"http:\/\/hotel.triskeledition.fr\/?page_id=45"},"modified":"2018-09-19T19:35:52","modified_gmt":"2018-09-19T19:35:52","slug":"nous-situer","status":"publish","type":"page","link":"https:\/\/www.hoteldefrance-montauban.fr\/?page_id=45","title":{"rendered":"Nous situer"},"content":{"rendered":"<p style=\"text-align: center;\"><iframe style=\"border: 0;\" src=\"https:\/\/www.google.com\/maps\/embed?pb=!1m14!1m8!1m3!1d10637.429534233843!2d-2.0475168!3d48.1997318!3m2!1i1024!2i768!4f13.1!3m3!1m2!1s0x0%3A0x521fc58d528760ed!2sH%C3%B4tel+de+France+Bar+Restaurant+Montauban+de+Bretagne!5e0!3m2!1sfr!2sfr!4v1487262171673\" width=\"600\" height=\"450\" frameborder=\"0\" allowfullscreen=\"allowfullscreen\"><\/iframe><\/p>\n<p style=\"text-align: center;\"><img fetchpriority=\"high\" decoding=\"async\" class=\"aligncenter size-full wp-image-228\" src=\"http:\/\/www.hoteldefrance-montauban.fr\/wp-content\/uploads\/2015\/03\/cartebroceliande.jpg\" alt=\"cartebroceliande\" width=\"538\" height=\"601\"><\/p>\n<p style=\"text-align: center;\"><img decoding=\"async\" class=\"aligncenter size-full wp-image-229\" src=\"http:\/\/www.hoteldefrance-montauban.fr\/wp-content\/uploads\/2015\/03\/plancentre.jpg\" alt=\"plancentre\" width=\"601\" height=\"403\"><\/p>\n<p style=\"text-align: center;\">Notre commune est desservie par le TER Rennes\/St Brieuc, gare SNCF \u00e0 1,5 km de l\u2019h\u00f4tel.<\/p>\n<p><\/script><\/p>\n<p style=\"text-align: center;\">Deux stations du service de bus \u00ab\u00a0Illenoo\u00a0\u00bb \u00e0 200 m\u00e8tres, place du march\u00e9 et rue de Rennes.<\/p>\n","protected":false},"excerpt":{"rendered":"<p>Notre commune est desservie par le TER Rennes\/St Brieuc, gare SNCF \u00e0 1,5 km de l\u2019h\u00f4tel. Deux stations du service de bus \u00ab\u00a0Illenoo\u00a0\u00bb \u00e0 200 m\u00e8tres, place du march\u00e9 et rue de Rennes.<\/p>\n","protected":false},"author":1,"featured_media":0,"parent":0,"menu_order":0,"comment_status":"closed","ping_status":"closed","template":"","meta":{"ngg_post_thumbnail":0,"footnotes":""},"class_list":["post-45","page","type-page","status-publish","hentry"],"_links":{"self":[{"href":"https:\/\/www.hoteldefrance-montauban.fr\/index.php?rest_route=\/wp\/v2\/pages\/45","targetHints":{"allow":["GET"]}}],"collection":[{"href":"https:\/\/www.hoteldefrance-montauban.fr\/index.php?rest_route=\/wp\/v2\/pages"}],"about":[{"href":"https:\/\/www.hoteldefrance-montauban.fr\/index.php?rest_route=\/wp\/v2\/types\/page"}],"author":[{"embeddable":true,"href":"https:\/\/www.hoteldefrance-montauban.fr\/index.php?rest_route=\/wp\/v2\/users\/1"}],"replies":[{"embeddable":true,"href":"https:\/\/www.hoteldefrance-montauban.fr\/index.php?rest_route=%2Fwp%2Fv2%2Fcomments&post=45"}],"version-history":[{"count":7,"href":"https:\/\/www.hoteldefrance-montauban.fr\/index.php?rest_route=\/wp\/v2\/pages\/45\/revisions"}],"predecessor-version":[{"id":912,"href":"https:\/\/www.hoteldefrance-montauban.fr\/index.php?rest_route=\/wp\/v2\/pages\/45\/revisions\/912"}],"wp:attachment":[{"href":"https:\/\/www.hoteldefrance-montauban.fr\/index.php?rest_route=%2Fwp%2Fv2%2Fmedia&parent=45"}],"curies":[{"name":"wp","href":"https:\/\/api.w.org\/{rel}","templated":true}]}}