{"id":43,"date":"2015-03-14T17:28:25","date_gmt":"2015-03-14T17:28:25","guid":{"rendered":"http:\/\/hotel.triskeledition.fr\/?page_id=43"},"modified":"2018-09-19T19:30:42","modified_gmt":"2018-09-19T19:30:42","slug":"liens","status":"publish","type":"page","link":"https:\/\/www.hoteldefrance-montauban.fr\/?page_id=43","title":{"rendered":"D\u00e9couvrir"},"content":{"rendered":"<p style=\"text-align: center;\">&nbsp;<\/p>\n<p style=\"text-align: center;\"><a title=\"Domaine de Tr\u00e9melin\" href=\"http:\/\/www.domaine-de-tremelin.fr\/\" target=\"_blank\" rel=\"noopener\"><img fetchpriority=\"high\" decoding=\"async\" class=\"aligncenter size-full wp-image-332\" src=\"http:\/\/www.hoteldefrance-montauban.fr\/wp-content\/uploads\/2015\/03\/tremelin.jpg\" alt=\"tremelin\" width=\"900\" height=\"137\" srcset=\"https:\/\/www.hoteldefrance-montauban.fr\/wp-content\/uploads\/2015\/03\/tremelin.jpg 900w, https:\/\/www.hoteldefrance-montauban.fr\/wp-content\/uploads\/2015\/03\/tremelin-632x96.jpg 632w\" sizes=\"(max-width: 900px) 100vw, 900px\" \/><\/a><\/p>\n<p style=\"text-align: center;\"><a title=\"V\u00e9lo rail M\u00e9dr\u00e9ac\" href=\"http:\/\/www.cc-montauban-de-bretagne.fr\/la-gare-de-medreac-et-son-velo-rail.php\" target=\"_blank\" rel=\"noopener\"><img decoding=\"async\" class=\"aligncenter size-full wp-image-334\" src=\"http:\/\/www.hoteldefrance-montauban.fr\/wp-content\/uploads\/2015\/03\/velorail.png\" alt=\"velorail\" width=\"591\" height=\"254\"><\/a><\/p>\n<p style=\"text-align: center;\"><a title=\"Cit\u00e9 du livre B\u00e9cherel\" href=\"http:\/\/becherel.com\/cite-du-livre\/cite-du-livre-r-de-becherel\" target=\"_blank\" rel=\"noopener\"><img decoding=\"async\" class=\"aligncenter size-full wp-image-336\" src=\"http:\/\/www.hoteldefrance-montauban.fr\/wp-content\/uploads\/2015\/03\/becherel.jpg\" alt=\"becherel\" width=\"1041\" height=\"129\" srcset=\"https:\/\/www.hoteldefrance-montauban.fr\/wp-content\/uploads\/2015\/03\/becherel.jpg 1041w, https:\/\/www.hoteldefrance-montauban.fr\/wp-content\/uploads\/2015\/03\/becherel-632x78.jpg 632w, https:\/\/www.hoteldefrance-montauban.fr\/wp-content\/uploads\/2015\/03\/becherel-1020x126.jpg 1020w\" sizes=\"(max-width: 1041px) 100vw, 1041px\" \/><\/a><a title=\"Zoo de la Bourbansais\" href=\"http:\/\/www.labourbansais.com\/\" target=\"_blank\" rel=\"noopener\"><img loading=\"lazy\" decoding=\"async\" class=\"aligncenter size-full wp-image-340\" src=\"http:\/\/www.hoteldefrance-montauban.fr\/wp-content\/uploads\/2015\/03\/bourbansais.png\" alt=\"bourbansais\" width=\"709\" height=\"418\" srcset=\"https:\/\/www.hoteldefrance-montauban.fr\/wp-content\/uploads\/2015\/03\/bourbansais.png 709w, https:\/\/www.hoteldefrance-montauban.fr\/wp-content\/uploads\/2015\/03\/bourbansais-632x373.png 632w\" sizes=\"(max-width: 709px) 100vw, 709px\" \/><\/a><\/p>\n<p>&nbsp;<\/p>\n<p style=\"text-align: center;\"><span style=\"text-decoration: underline; font-size: 18pt;\"><strong>Nous recommandons<\/strong><\/span><\/p>\n<p><a style=\"color: #000000; outline: 0px; letter-spacing: 0.8px; text-align: center;\" href=\"http:\/\/www.bzhantennes.com\/\" target=\"_blank\" rel=\"noopener\"><img loading=\"lazy\" decoding=\"async\" class=\"aligncenter size-full wp-image-338\" src=\"http:\/\/www.hoteldefrance-montauban.fr\/wp-content\/uploads\/2015\/03\/recommander.jpg\" alt=\"recommander\" width=\"595\" height=\"185\"><\/p>\n<p style=\"text-align: center;\"><img loading=\"lazy\" decoding=\"async\" class=\"aligncenter size-full wp-image-479\" src=\"http:\/\/www.hoteldefrance-montauban.fr\/wp-content\/uploads\/2015\/05\/lili.jpg\" alt=\"lili\" width=\"711\" height=\"252\" srcset=\"https:\/\/www.hoteldefrance-montauban.fr\/wp-content\/uploads\/2015\/05\/lili.jpg 711w, https:\/\/www.hoteldefrance-montauban.fr\/wp-content\/uploads\/2015\/05\/lili-632x224.jpg 632w\" sizes=\"(max-width: 711px) 100vw, 711px\" \/><\/a><\/p>\n<p style=\"text-align: center;\"<img loading=\"lazy\" decoding=\"async\" class=\"aligncenter size-full wp-image-478\" src=\"http:\/\/www.hoteldefrance-montauban.fr\/wp-content\/uploads\/2015\/05\/boulangerie.jpg\" alt=\"boulangerie\" width=\"818\" height=\"266\" srcset=\"https:\/\/www.hoteldefrance-montauban.fr\/wp-content\/uploads\/2015\/05\/boulangerie.jpg 818w, https:\/\/www.hoteldefrance-montauban.fr\/wp-content\/uploads\/2015\/05\/boulangerie-632x206.jpg 632w\" sizes=\"(max-width: 818px) 100vw, 818px\" \/><\/a><\/p>\n","protected":false},"excerpt":{"rendered":"<p>&nbsp; &nbsp; Nous recommandons<\/p>\n","protected":false},"author":1,"featured_media":0,"parent":0,"menu_order":0,"comment_status":"closed","ping_status":"closed","template":"","meta":{"ngg_post_thumbnail":0,"footnotes":""},"class_list":["post-43","page","type-page","status-publish","hentry"],"_links":{"self":[{"href":"https:\/\/www.hoteldefrance-montauban.fr\/index.php?rest_route=\/wp\/v2\/pages\/43","targetHints":{"allow":["GET"]}}],"collection":[{"href":"https:\/\/www.hoteldefrance-montauban.fr\/index.php?rest_route=\/wp\/v2\/pages"}],"about":[{"href":"https:\/\/www.hoteldefrance-montauban.fr\/index.php?rest_route=\/wp\/v2\/types\/page"}],"author":[{"embeddable":true,"href":"https:\/\/www.hoteldefrance-montauban.fr\/index.php?rest_route=\/wp\/v2\/users\/1"}],"replies":[{"embeddable":true,"href":"https:\/\/www.hoteldefrance-montauban.fr\/index.php?rest_route=%2Fwp%2Fv2%2Fcomments&post=43"}],"version-history":[{"count":20,"href":"https:\/\/www.hoteldefrance-montauban.fr\/index.php?rest_route=\/wp\/v2\/pages\/43\/revisions"}],"predecessor-version":[{"id":1378,"href":"https:\/\/www.hoteldefrance-montauban.fr\/index.php?rest_route=\/wp\/v2\/pages\/43\/revisions\/1378"}],"wp:attachment":[{"href":"https:\/\/www.hoteldefrance-montauban.fr\/index.php?rest_route=%2Fwp%2Fv2%2Fmedia&parent=43"}],"curies":[{"name":"wp","href":"https:\/\/api.w.org\/{rel}","templated":true}]}}