{"id":30,"date":"2015-02-19T18:40:32","date_gmt":"2015-02-19T18:40:32","guid":{"rendered":"http:\/\/hotel.triskeledition.fr\/?page_id=30"},"modified":"2025-01-16T10:46:40","modified_gmt":"2025-01-16T10:46:40","slug":"le-restaurant","status":"publish","type":"page","link":"https:\/\/www.hoteldefrance-montauban.fr\/?page_id=30","title":{"rendered":"Le restaurant"},"content":{"rendered":"<h5 style=\"text-align: left;\"><span style=\"color: #000000;\">Philippe Bellamy vous propose une restauration familiale, g\u00e9n\u00e9reuse et gourmande. La majorit\u00e9 des plats servis sont \u00ab\u00a0Fait maison\u00a0\u00bb dans le respect d&rsquo;une cuisine traditionnelle.<\/span><\/h5>\n<h5 style=\"text-align: left;\"><span style=\"color: #000000;\">Un service \u00e0 table, avec un dressage soign\u00e9 sur nappage tissus d\u00e8s la formule \u00e0 10\u20ac ou le menu \u00e0 15,50\u20ac.<\/span><\/h5>\n<p style=\"text-align: center;\"><span style=\"color: #ff0000;\"><strong>Nous vous recevons tous les midis du mardi au dimanche et le mardi, mercredi et jeudi soir.<\/strong><\/span><\/p>\n<h5 style=\"text-align: left;\"><strong>Le midi, du mardi au vendredi, l&rsquo;H\u00f4tel de France vous propose diff\u00e9rentes formules autour du plat du jour.<\/strong><\/h5>\n<h5 style=\"text-align: left;\"><strong>Menu \u00e0 partir de 19\u20ac tous les jours (20\u20ac soirs, weekends et jours f\u00e9ri\u00e9s). Sur r\u00e9servation, \u00e0 partir de 20 personnes, le vendredi soir et samedi soir.<\/strong><\/h5>\n<p><img fetchpriority=\"high\" decoding=\"async\" class=\"aligncenter size-full wp-image-1154\" src=\"https:\/\/www.hoteldefrance-montauban.fr\/wp-content\/uploads\/salle_2021.jpg\" alt=\"\" width=\"1000\" height=\"389\" srcset=\"https:\/\/www.hoteldefrance-montauban.fr\/wp-content\/uploads\/salle_2021.jpg 1000w, https:\/\/www.hoteldefrance-montauban.fr\/wp-content\/uploads\/salle_2021-632x246.jpg 632w, https:\/\/www.hoteldefrance-montauban.fr\/wp-content\/uploads\/salle_2021-768x299.jpg 768w, https:\/\/www.hoteldefrance-montauban.fr\/wp-content\/uploads\/salle_2021-24x9.jpg 24w, https:\/\/www.hoteldefrance-montauban.fr\/wp-content\/uploads\/salle_2021-36x14.jpg 36w, https:\/\/www.hoteldefrance-montauban.fr\/wp-content\/uploads\/salle_2021-48x19.jpg 48w\" sizes=\"(max-width: 1000px) 100vw, 1000px\" \/><\/p>\n<p style=\"text-align: center;\"><span style=\"letter-spacing: 0.05em;\">Deux salles, de 60 et 30 couverts sont \u00e0 disposition pour repas de familles ou de travail. Des menus modulables, boissons comprises, sp\u00e9cialement adapt\u00e9s \u00e0 vos envies et \u00e0 votre budget.<\/span><\/p>\n<p style=\"text-align: center;\">&nbsp;<\/p>\n<table>\n<tbody>\n<tr style=\"border-color: transparent; background-color: transparent;\">\n<td style=\"border-color: transparent; background-color: transparent; text-align: center;\">&nbsp;<\/td>\n<td style=\"border-color: transparent; background-color: transparent; text-align: center;\"><img decoding=\"async\" class=\"aligncenter size-full wp-image-609\" src=\"http:\/\/www.hoteldefrance-montauban.fr\/wp-content\/uploads\/table.jpg\" alt=\"table\" width=\"300\" height=\"240\"><\/td>\n<\/tr>\n<\/tbody>\n<\/table>\n<p>&nbsp;<\/p>\n<p style=\"text-align: center;\"><div id=\"metaslider-id-471\" style=\"max-width: 680px; margin: 0 auto;\" class=\"ml-slider-3-107-0 metaslider metaslider-nivo metaslider-471 ml-slider ms-theme-nivo-light\" role=\"region\" aria-label=\"Nouveau diaporama\" data-height=\"250\" data-width=\"680\">\n    <div id=\"metaslider_container_471\">\n        <div class='slider-wrapper theme-default'><div class='ribbon'><\/div><div id='metaslider_471' class='nivoSlider'><img decoding=\"async\" src=\"https:\/\/www.hoteldefrance-montauban.fr\/wp-content\/uploads\/2015\/05\/100_0168.jpg\" height=\"250\" width=\"680\" alt=\"\" class=\"slider-471 slide-475 msDefaultImage\" \/><img loading=\"lazy\" decoding=\"async\" src=\"https:\/\/www.hoteldefrance-montauban.fr\/wp-content\/uploads\/2015\/05\/100_0167.jpg\" height=\"250\" width=\"680\" alt=\"\" class=\"slider-471 slide-474 msDefaultImage\" \/><img loading=\"lazy\" decoding=\"async\" src=\"https:\/\/www.hoteldefrance-montauban.fr\/wp-content\/uploads\/2015\/05\/100_0165.jpg\" height=\"250\" width=\"680\" alt=\"\" class=\"slider-471 slide-472 msDefaultImage\" \/><img loading=\"lazy\" decoding=\"async\" src=\"https:\/\/www.hoteldefrance-montauban.fr\/wp-content\/uploads\/2015\/05\/100_0166.jpg\" height=\"250\" width=\"680\" alt=\"\" class=\"slider-471 slide-473 msDefaultImage\" \/><img loading=\"lazy\" decoding=\"async\" src=\"https:\/\/www.hoteldefrance-montauban.fr\/wp-content\/uploads\/2015\/05\/100_0170.jpg\" height=\"250\" width=\"680\" alt=\"\" class=\"slider-471 slide-476 msDefaultImage\" \/><\/div><\/div>\n        \n    <\/div>\n<\/div>\n<p style=\"text-align: center;\">Pour vos r\u00e9unions de travail, la petite salle est \u00e9quip\u00e9e d&rsquo;un \u00e9cran de projection, d&rsquo;un tableau et l&rsquo;option d&rsquo;un service traiteur.<\/p>\n<p style=\"text-align: center;\"><img loading=\"lazy\" decoding=\"async\" class=\"aligncenter size-full wp-image-569\" src=\"http:\/\/www.hoteldefrance-montauban.fr\/wp-content\/uploads\/petite_salle.jpg\" alt=\"petite_salle\" width=\"490\" height=\"367\"><\/p>\n\n<style type=\"text\/css\">\n#foogallery-gallery-1287.fg-simple_portfolio { justify-content: center; --fg-gutter: 5px; }\n#foogallery-gallery-1287.fg-simple_portfolio .fg-item { flex-basis: 240px; }<\/style>\n\t\t\t<div class=\"foogallery foogallery-container foogallery-simple_portfolio foogallery-lightbox-foobox fg-simple_portfolio fg-ready fg-dark fg-border-thin fg-shadow-outline fg-loading-default fg-loaded-fade-in fg-caption-always fg-hover-fade fg-hover-zoom fg-caption-always\" id=\"foogallery-gallery-1287\" data-foogallery=\"{&quot;item&quot;:{&quot;showCaptionTitle&quot;:true,&quot;showCaptionDescription&quot;:true},&quot;lazy&quot;:false,&quot;src&quot;:&quot;src&quot;,&quot;srcset&quot;:&quot;srcset&quot;}\" style=\"--fg-title-line-clamp: 0; --fg-description-line-clamp: 0;\" >\n\t<div class=\"fg-item fg-type-image fg-loaded\"><figure class=\"fg-item-inner\"><a href=\"https:\/\/www.hoteldefrance-montauban.fr\/wp-content\/uploads\/macaron_fraise.jpg\" data-attachment-id=\"1627\" class=\"foogallery-thumb fg-thumb\" data-e-disable-page-transition=\"true\" data-type=\"image\"><span class=\"fg-image-wrap\"><img decoding=\"async\" src=\"https:\/\/www.hoteldefrance-montauban.fr\/wp-content\/uploads\/cache\/macaron_fraise\/1133508352.jpg\" class=\"bf-img skip-lazy fg-image\" height=\"320\" width=\"240\" loading=\"eager\"><\/span><span class=\"fg-image-overlay\"><\/span><\/a><\/figure><div class=\"fg-loader\"><\/div><\/div><div class=\"fg-item fg-type-image fg-loaded\"><figure class=\"fg-item-inner\"><a href=\"https:\/\/www.hoteldefrance-montauban.fr\/wp-content\/uploads\/408441835649933868.jpg\" data-attachment-id=\"1275\" class=\"foogallery-thumb fg-thumb\" data-e-disable-page-transition=\"true\" data-type=\"image\"><span class=\"fg-image-wrap\"><img decoding=\"async\" src=\"https:\/\/www.hoteldefrance-montauban.fr\/wp-content\/uploads\/408441835649933868.jpg\" class=\"bf-img skip-lazy fg-image\" height=\"320\" width=\"240\" loading=\"eager\"><\/span><span class=\"fg-image-overlay\"><\/span><\/a><\/figure><div class=\"fg-loader\"><\/div><\/div><div class=\"fg-item fg-type-image fg-loaded\"><figure class=\"fg-item-inner\"><a href=\"https:\/\/www.hoteldefrance-montauban.fr\/wp-content\/uploads\/assiette_g.jpg\" data-attachment-id=\"1629\" class=\"foogallery-thumb fg-thumb\" data-e-disable-page-transition=\"true\" data-type=\"image\"><span class=\"fg-image-wrap\"><img decoding=\"async\" src=\"https:\/\/www.hoteldefrance-montauban.fr\/wp-content\/uploads\/cache\/assiette_g\/111078982.jpg\" class=\"bf-img skip-lazy fg-image\" height=\"320\" width=\"240\" loading=\"eager\"><\/span><span class=\"fg-image-overlay\"><\/span><\/a><\/figure><div class=\"fg-loader\"><\/div><\/div><div class=\"fg-item fg-type-image fg-loaded\"><figure class=\"fg-item-inner\"><a href=\"https:\/\/www.hoteldefrance-montauban.fr\/wp-content\/uploads\/tian.jpg\" data-attachment-id=\"1630\" class=\"foogallery-thumb fg-thumb\" data-e-disable-page-transition=\"true\" data-type=\"image\"><span class=\"fg-image-wrap\"><img decoding=\"async\" src=\"https:\/\/www.hoteldefrance-montauban.fr\/wp-content\/uploads\/cache\/tian\/1383373301.jpg\" class=\"bf-img skip-lazy fg-image\" height=\"320\" width=\"240\" loading=\"eager\"><\/span><span class=\"fg-image-overlay\"><\/span><\/a><\/figure><div class=\"fg-loader\"><\/div><\/div><\/div>\n\n<div class=\"wp-block-image\">\n<figure class=\"aligncenter size-full\"><img loading=\"lazy\" decoding=\"async\" width=\"800\" height=\"372\" src=\"https:\/\/www.hoteldefrance-montauban.fr\/wp-content\/uploads\/bruger.jpg\" alt=\"\" class=\"wp-image-1307\" srcset=\"https:\/\/www.hoteldefrance-montauban.fr\/wp-content\/uploads\/bruger.jpg 800w, https:\/\/www.hoteldefrance-montauban.fr\/wp-content\/uploads\/bruger-632x294.jpg 632w, https:\/\/www.hoteldefrance-montauban.fr\/wp-content\/uploads\/bruger-768x357.jpg 768w, https:\/\/www.hoteldefrance-montauban.fr\/wp-content\/uploads\/bruger-24x11.jpg 24w, https:\/\/www.hoteldefrance-montauban.fr\/wp-content\/uploads\/bruger-36x17.jpg 36w, https:\/\/www.hoteldefrance-montauban.fr\/wp-content\/uploads\/bruger-48x22.jpg 48w\" sizes=\"(max-width: 800px) 100vw, 800px\" \/><\/figure>\n<\/div>","protected":false},"excerpt":{"rendered":"<p>Philippe Bellamy vous propose une restauration familiale, g\u00e9n\u00e9reuse et gourmande. La majorit\u00e9 des plats servis sont \u00ab\u00a0Fait maison\u00a0\u00bb dans le respect d&rsquo;une cuisine traditionnelle. Un service \u00e0 table, avec un dressage soign\u00e9 sur nappage tissus d\u00e8s la formule \u00e0 10\u20ac&hellip;<\/p>\n<p class=\"more-link-p\"><a class=\"more-link\" href=\"https:\/\/www.hoteldefrance-montauban.fr\/?page_id=30\">Read more &rarr;<\/a><\/p>\n","protected":false},"author":1,"featured_media":0,"parent":0,"menu_order":0,"comment_status":"closed","ping_status":"closed","template":"","meta":{"ngg_post_thumbnail":0,"footnotes":""},"class_list":["post-30","page","type-page","status-publish","hentry"],"_links":{"self":[{"href":"https:\/\/www.hoteldefrance-montauban.fr\/index.php?rest_route=\/wp\/v2\/pages\/30","targetHints":{"allow":["GET"]}}],"collection":[{"href":"https:\/\/www.hoteldefrance-montauban.fr\/index.php?rest_route=\/wp\/v2\/pages"}],"about":[{"href":"https:\/\/www.hoteldefrance-montauban.fr\/index.php?rest_route=\/wp\/v2\/types\/page"}],"author":[{"embeddable":true,"href":"https:\/\/www.hoteldefrance-montauban.fr\/index.php?rest_route=\/wp\/v2\/users\/1"}],"replies":[{"embeddable":true,"href":"https:\/\/www.hoteldefrance-montauban.fr\/index.php?rest_route=%2Fwp%2Fv2%2Fcomments&post=30"}],"version-history":[{"count":80,"href":"https:\/\/www.hoteldefrance-montauban.fr\/index.php?rest_route=\/wp\/v2\/pages\/30\/revisions"}],"predecessor-version":[{"id":1491,"href":"https:\/\/www.hoteldefrance-montauban.fr\/index.php?rest_route=\/wp\/v2\/pages\/30\/revisions\/1491"}],"wp:attachment":[{"href":"https:\/\/www.hoteldefrance-montauban.fr\/index.php?rest_route=%2Fwp%2Fv2%2Fmedia&parent=30"}],"curies":[{"name":"wp","href":"https:\/\/api.w.org\/{rel}","templated":true}]}}