{"id":27,"date":"2015-02-19T18:39:37","date_gmt":"2015-02-19T18:39:37","guid":{"rendered":"http:\/\/hotel.triskeledition.fr\/?page_id=27"},"modified":"2023-03-13T19:37:20","modified_gmt":"2023-03-13T19:37:20","slug":"lhotel","status":"publish","type":"page","link":"https:\/\/www.hoteldefrance-montauban.fr\/?page_id=27","title":{"rendered":"Descriptif et tarifs"},"content":{"rendered":"<h5 style=\"text-align: center;\"><span style=\"color: #ff0000;\"><img fetchpriority=\"high\" decoding=\"async\" class=\" size-full wp-image-452 alignleft\" src=\"http:\/\/www.hoteldefrance-montauban.fr\/wp-content\/uploads\/2015\/02\/hotel_2_etoiles_2015-e1429779405119.jpg\" alt=\"hotel_2_etoiles_2015\" width=\"210\" height=\"300\">Notre \u00e9tablissement a \u00e9t\u00e9 class\u00e9 2 \u00e9toiles en avril 2021, en r\u00e9pondant aux crit\u00e8res de la nouvelle r\u00e8glementation europ\u00e9enne de 2010 sur la qualit\u00e9 d&rsquo;h\u00e9bergement.<br \/>\n<\/span><\/h5>\n<h5><span style=\"color: #000000;\">Une grande partie de nos chambres a \u00e9t\u00e9 r\u00e9cemment r\u00e9nov\u00e9es, nos avons souhait\u00e9 que la d\u00e9coration soit unique et personnalis\u00e9e pour chacune d&rsquo;entre elles. Douces et pastel ou sobres et tendance, les couleurs de votre s\u00e9jour seront douillettes !<\/span><\/h5>\n<h5><span style=\"color: #000000;\">Afin que notre client\u00e8le b\u00e9n\u00e9ficie d&rsquo;un maximum de tranquillit\u00e9, nos fen\u00eatres c\u00f4t\u00e9 rue sont pourvues d&rsquo;une protection phonique haute performance con\u00e7ue pour les zones a\u00e9roportuaires.<\/span><\/h5>\n<h5><span style=\"color: #000000;\">Toutes nos chambres sont \u00e9quip\u00e9es d\u2019un t\u00e9l\u00e9viseur \u00e9cran plat HD, d\u2019un s\u00e8che-cheveux, couvertures et oreillers suppl\u00e9mentaires.<\/span><\/h5>\n<h5><span style=\"color: #000000;\">L&rsquo;h\u00f4tel dispose de 9 chambres \u00ab\u00a0<a style=\"color: #000000;\" title=\"Chambres Confort standard\" href=\"http:\/\/www.hoteldefrance-montauban.fr\/?page_id=158\">Confort standard<\/a>\u00a0\u00bb et 2 chambres \u00ab\u00a0<a style=\"color: #000000;\" title=\"Chambres Grand confort\" href=\"http:\/\/www.hoteldefrance-montauban.fr\/?page_id=156\">Grand confort\u00a0\u00bb<\/a>.<\/span><\/h5>\n<p><span style=\"color: #ff0000;\"><strong>Notre \u00e9tablissement ne dispose pas d&rsquo;ascenseur, l&rsquo;acc\u00e8s aux chambres s&rsquo;effectue uniquement par les escaliers. Notre h\u00f4tel n&rsquo;est pas adapt\u00e9 pour accueillir les personnes \u00e0 mobilit\u00e9 r\u00e9duite dans les \u00e9tages.<\/strong><\/span><\/p>\n<p style=\"text-align: center;\"><div class=\"supsystic-table-loader spinner\"style=\"background-color:#000000\"><\/div><div id=\"supsystic-table-1_90851\" class=\"supsystic-tables-wrap \" style=\" width:100%; visibility: hidden; \" data-table-width-fixed=\"100%\" data-table-width-mobile=\"100%\" ><table id=\"supsystic-table-1\" class=\"supsystic-table nowrap border lightboxImg row-border\" data-id=\"1\" data-view-id=\"1_90851\" data-title=\"hhh\" data-currency-format=\"1,000.00\u20ac\" data-percent-format=\"10.00%\" data-date-format=\"DD.MM.YYYY\" data-time-format=\"HH:mm\" data-features=\"[&quot;after_table_loaded_script&quot;]\" data-search-value=\"\" data-lightbox-img=\"\" data-head-rows-count=\"1\" data-fixed-cols=\"on\" data-fixed-left=\"1\" data-fixed-right=\"0\" data-pagination-length=\"50,100,All\" data-auto-index=\"off\" data-searching-settings=\"{&quot;columnSearchPosition&quot;:&quot;bottom&quot;,&quot;minChars&quot;:&quot;0&quot;}\" data-number-format=\"1,000.00\" data-use-comma-as-delimiter=\"on\" data-lang=\"French\" data-override=\"{&quot;emptyTable&quot;:&quot;&quot;,&quot;info&quot;:&quot;&quot;,&quot;infoEmpty&quot;:&quot;&quot;,&quot;infoFiltered&quot;:&quot;&quot;,&quot;lengthMenu&quot;:&quot;&quot;,&quot;search&quot;:&quot;&quot;,&quot;previous&quot;:&quot;&quot;,&quot;next&quot;:&quot;&quot;,&quot;zeroRecords&quot;:&quot;&quot;,&quot;exportLabel&quot;:&quot;&quot;,&quot;file&quot;:&quot;French&quot;}\" data-merged=\"[{&quot;row&quot;:2,&quot;col&quot;:1,&quot;rowspan&quot;:1,&quot;colspan&quot;:2,&quot;removed&quot;:false},{&quot;row&quot;:2,&quot;col&quot;:3,&quot;rowspan&quot;:1,&quot;colspan&quot;:2,&quot;removed&quot;:false},{&quot;row&quot;:2,&quot;col&quot;:5,&quot;rowspan&quot;:1,&quot;colspan&quot;:2,&quot;removed&quot;:false},{&quot;row&quot;:8,&quot;col&quot;:3,&quot;rowspan&quot;:1,&quot;colspan&quot;:3,&quot;removed&quot;:false},{&quot;row&quot;:9,&quot;col&quot;:3,&quot;rowspan&quot;:1,&quot;colspan&quot;:3,&quot;removed&quot;:false}]\" data-responsive-mode=\"2\" data-from-history=\"0\" ><thead><tr><th class=\"\" style=\"width:5px; padding: 0 !important;\"><\/th><th class=\"\" style=\"width:; padding: 0 !important;\"><\/th><th class=\"\" style=\"width:; padding: 0 !important;\"><\/th><th class=\"\" style=\"width:; padding: 0 !important;\"><\/th><th class=\"\" style=\"width:; padding: 0 !important;\"><\/th><th class=\"\" style=\"width:; padding: 0 !important;\"><\/th><th class=\"\" style=\"width:; padding: 0 !important;\"><\/th><\/tr><\/thead><tbody><tr style=\"height:px\" ><td data-cell-id=\"A1\" data-x=\"0\" data-y=\"1\" data-db-index=\"1\" class=\"htCenter\" data-cell-type=\"text\" data-original-value=\"\" data-order=\"\" style=\"min-width:5px; width:5px;\" ><\/td><td data-cell-id=\"B1\" data-x=\"1\" data-y=\"1\" data-db-index=\"1\" class=\"htCenter bg-e3e3e3\" data-cell-type=\"text\" data-original-value=\"\" data-order=\"\" style=\"min-width:14.5367%; width:14.5367%;\" ><\/td><td data-cell-id=\"C1\" data-x=\"2\" data-y=\"1\" data-db-index=\"1\" class=\"htCenter bg-e3e3e3\" data-cell-type=\"text\" data-original-value=\"\" data-order=\"\" style=\"min-width:14.5367%; width:14.5367%;\" ><\/td><td data-cell-id=\"D1\" data-x=\"3\" data-y=\"1\" data-db-index=\"1\" class=\"htCenter bg-e3e3e3\" data-cell-type=\"text\" data-original-value=\"\" data-order=\"\" style=\"min-width:14.5367%; width:14.5367%;\" ><\/td><td data-cell-id=\"E1\" data-x=\"4\" data-y=\"1\" data-db-index=\"1\" class=\"htCenter bg-e3e3e3\" data-cell-type=\"text\" data-original-value=\"\" data-order=\"\" style=\"min-width:14.5367%; width:14.5367%;\" ><\/td><td data-cell-id=\"F1\" data-x=\"5\" data-y=\"1\" data-db-index=\"1\" class=\"htCenter bg-e3e3e3\" data-cell-type=\"text\" data-original-value=\"\" data-order=\"\" style=\"min-width:13.5783%; width:13.5783%;\" ><\/td><td data-cell-id=\"G1\" data-x=\"6\" data-y=\"1\" data-db-index=\"1\" class=\"htCenter bg-e3e3e3\" data-cell-type=\"text\" data-original-value=\"\" data-order=\"\" style=\"min-width:14.5367%; width:14.5367%;\" ><\/td><\/tr><tr style=\"height:px\" ><td data-cell-id=\"A2\" data-x=\"0\" data-y=\"2\" data-db-index=\"2\" class=\"\" data-cell-type=\"text\" data-original-value=\"\" data-order=\"\" ><\/td><td data-cell-id=\"B2\" data-x=\"1\" data-y=\"2\" data-db-index=\"2\" class=\"bg-e6e6e6 htCenter fsize-11\" data-cell-type=\"text\" data-original-value=\"\" data-order=\"\" ><\/td><td data-cell-id=\"C2\" data-x=\"2\" data-y=\"2\" data-db-index=\"2\" class=\"bg-e6e6e6 htCenter fsize-11\" data-cell-type=\"text\" data-original-value=\"\" data-order=\"\" ><\/td><td data-cell-id=\"D2\" data-x=\"3\" data-y=\"2\" data-db-index=\"2\" class=\"bg-e6e6e6 htCenter fsize-11\" data-cell-type=\"text\" data-original-value=\"\" data-order=\"\" ><\/td><td data-cell-id=\"E2\" data-x=\"4\" data-y=\"2\" data-db-index=\"2\" class=\"bg-e6e6e6 htCenter fsize-11\" data-cell-type=\"text\" data-original-value=\"\" data-order=\"\" ><\/td><td data-cell-id=\"F2\" data-x=\"5\" data-y=\"2\" data-db-index=\"2\" class=\"bg-e6e6e6 htCenter fsize-11\" data-cell-type=\"text\" data-original-value=\"\" data-order=\"\" ><\/td><td data-cell-id=\"G2\" data-x=\"6\" data-y=\"2\" data-db-index=\"2\" class=\"bg-e6e6e6 htCenter fsize-11\" data-cell-type=\"text\" data-original-value=\"\" data-order=\"\" ><\/td><\/tr><tr style=\"height:px\" ><td data-cell-id=\"A3\" data-x=\"0\" data-y=\"3\" data-db-index=\"3\" class=\"fsize-13 bold\" data-cell-type=\"text\" data-original-value=\"\" data-order=\"\" ><\/td><td data-cell-id=\"B3\" data-x=\"1\" data-y=\"3\" data-db-index=\"3\" class=\"htCenter bg-bfbfbf bold fsize-13\" data-cell-type=\"text\" data-original-value=\"Standard Douche \/ WC\" data-order=\"Standard Douche \/ WC\" data-colspan=\"2\" data-rowspan=\"1\" >Standard Douche \/ WC <\/td><td data-cell-id=\"C3\" data-x=\"2\" data-y=\"3\" data-db-index=\"3\" class=\"htCenter bg-bfbfbf fsize-13\" data-cell-type=\"text\" data-original-value=\"\" data-order=\"\" data-hide=\"true\" ><\/td><td data-cell-id=\"D3\" data-x=\"3\" data-y=\"3\" data-db-index=\"3\" class=\"htCenter bold fsize-13\" data-cell-type=\"text\" data-original-value=\"Standard Bain \/ WC\" data-order=\"Standard Bain \/ WC\" data-colspan=\"2\" data-rowspan=\"1\" >Standard Bain \/ WC <\/td><td data-cell-id=\"E3\" data-x=\"4\" data-y=\"3\" data-db-index=\"3\" class=\"htCenter bold fsize-13\" data-cell-type=\"text\" data-original-value=\"\" data-order=\"\" data-hide=\"true\" ><\/td><td data-cell-id=\"F3\" data-x=\"5\" data-y=\"3\" data-db-index=\"3\" class=\"htCenter bg-bfbfbf bold fsize-13\" data-cell-type=\"text\" data-original-value=\"Confort Douche \/ WC\" data-order=\"Confort Douche \/ WC\" data-colspan=\"2\" data-rowspan=\"1\" >Confort Douche \/ WC <\/td><td data-cell-id=\"G3\" data-x=\"6\" data-y=\"3\" data-db-index=\"3\" class=\"htCenter bg-bfbfbf bold fsize-13\" data-cell-type=\"text\" data-original-value=\"\" data-order=\"\" data-hide=\"true\" ><\/td><\/tr><tr style=\"height:px\" ><td data-cell-id=\"A4\" data-x=\"0\" data-y=\"4\" data-db-index=\"4\" class=\"bold fsize-13\" data-cell-type=\"text\" data-original-value=\"\" data-order=\"\" ><\/td><td data-cell-id=\"B4\" data-x=\"1\" data-y=\"4\" data-db-index=\"4\" class=\"htCenter bg-bfbfbf bold fsize-13\" data-cell-type=\"text\" data-original-value=\"1 personne\" data-order=\"1 personne\" >1 personne <\/td><td data-cell-id=\"C4\" data-x=\"2\" data-y=\"4\" data-db-index=\"4\" class=\"htCenter bg-bfbfbf bold fsize-13\" data-cell-type=\"text\" data-original-value=\"2 personnes\" data-order=\"2 personnes\" >2 personnes <\/td><td data-cell-id=\"D4\" data-x=\"3\" data-y=\"4\" data-db-index=\"4\" class=\"htCenter bold fsize-13\" data-cell-type=\"text\" data-original-value=\"1 personne\" data-order=\"1 personne\" >1 personne <\/td><td data-cell-id=\"E4\" data-x=\"4\" data-y=\"4\" data-db-index=\"4\" class=\"htCenter bold fsize-13\" data-cell-type=\"text\" data-original-value=\"2 personnes\" data-order=\"2 personnes\" >2 personnes <\/td><td data-cell-id=\"F4\" data-x=\"5\" data-y=\"4\" data-db-index=\"4\" class=\"htCenter bg-bfbfbf bold fsize-13\" data-cell-type=\"text\" data-original-value=\"1 personne\" data-order=\"1 personne\" >1 personne <\/td><td data-cell-id=\"G4\" data-x=\"6\" data-y=\"4\" data-db-index=\"4\" class=\"htCenter bg-bfbfbf bold fsize-13\" data-cell-type=\"text\" data-original-value=\"2 personnes\" data-order=\"2 personnes\" >2 personnes <\/td><\/tr><tr style=\"height:15px\" ><td data-cell-id=\"A5\" data-x=\"0\" data-y=\"5\" data-db-index=\"5\" class=\"bold fsize-13\" data-cell-type=\"text\" data-original-value=\"\" data-order=\"\" ><\/td><td data-cell-id=\"B5\" data-x=\"1\" data-y=\"5\" data-db-index=\"5\" class=\"bg-bfbfbf fsize-12\" data-cell-type=\"text\" data-original-value=\"\" data-order=\"\" ><\/td><td data-cell-id=\"C5\" data-x=\"2\" data-y=\"5\" data-db-index=\"5\" class=\"bg-bfbfbf fsize-12\" data-cell-type=\"text\" data-original-value=\"\" data-order=\"\" ><\/td><td data-cell-id=\"D5\" data-x=\"3\" data-y=\"5\" data-db-index=\"5\" class=\"bold fsize-12\" data-cell-type=\"text\" data-original-value=\"\" data-order=\"\" ><\/td><td data-cell-id=\"E5\" data-x=\"4\" data-y=\"5\" data-db-index=\"5\" class=\"bold fsize-12\" data-cell-type=\"text\" data-original-value=\"\" data-order=\"\" ><\/td><td data-cell-id=\"F5\" data-x=\"5\" data-y=\"5\" data-db-index=\"5\" class=\"bg-bfbfbf bold fsize-12\" data-cell-type=\"text\" data-original-value=\"\" data-order=\"\" ><\/td><td data-cell-id=\"G5\" data-x=\"6\" data-y=\"5\" data-db-index=\"5\" class=\"bg-bfbfbf bold fsize-12\" data-cell-type=\"text\" data-original-value=\"\" data-order=\"\" ><\/td><\/tr><tr style=\"height:px\" ><td data-cell-id=\"A6\" data-x=\"0\" data-y=\"6\" data-db-index=\"6\" class=\"bold fsize-12\" data-cell-type=\"text\" data-original-value=\"Chambre\" data-order=\"Chambre\" >Chambre <\/td><td data-cell-id=\"B6\" data-x=\"1\" data-y=\"6\" data-db-index=\"6\" class=\"htCenter bg-bfbfbf bold fsize-12\" data-cell-type=\"text\" data-cell-format-type=\"currency\" data-cell-format=\"1,000.00\u20ac\" data-original-value=\"68,00 \u20ac\" data-order=\"68,00 \u20ac\" >68,00 \u20ac <\/td><td data-cell-id=\"C6\" data-x=\"2\" data-y=\"6\" data-db-index=\"6\" class=\"htCenter bg-bfbfbf bold fsize-12\" data-cell-type=\"text\" data-cell-format-type=\"text\" data-original-value=\"78,00 \u20ac\" data-order=\"78,00 \u20ac\" >78,00 \u20ac <\/td><td data-cell-id=\"D6\" data-x=\"3\" data-y=\"6\" data-db-index=\"6\" class=\"htCenter bold fsize-12\" data-cell-type=\"text\" data-original-value=\"72,00 \u20ac\" data-order=\"72,00 \u20ac\" >72,00 \u20ac <\/td><td data-cell-id=\"E6\" data-x=\"4\" data-y=\"6\" data-db-index=\"6\" class=\"htCenter bold fsize-12\" data-cell-type=\"text\" data-original-value=\"82,00 \u20ac\" data-order=\"82,00 \u20ac\" >82,00 \u20ac <\/td><td data-cell-id=\"F6\" data-x=\"5\" data-y=\"6\" data-db-index=\"6\" class=\"htCenter bg-bfbfbf bold fsize-12\" data-cell-type=\"text\" data-original-value=\"78.00 \u20ac\" data-order=\"78.00 \u20ac\" >78.00 \u20ac <\/td><td data-cell-id=\"G6\" data-x=\"6\" data-y=\"6\" data-db-index=\"6\" class=\"htCenter bg-bfbfbf bold fsize-12\" data-cell-type=\"text\" data-original-value=\"88,00 \u20ac\" data-order=\"88,00 \u20ac\" >88,00 \u20ac <\/td><\/tr><tr style=\"height:px\" ><td data-cell-id=\"A7\" data-x=\"0\" data-y=\"7\" data-db-index=\"7\" class=\"bold fsize-12\" data-cell-type=\"text\" data-original-value=\"Soir\u00e9e \u00e9tape\" data-order=\"Soir\u00e9e \u00e9tape\" >Soir\u00e9e \u00e9tape <\/td><td data-cell-id=\"B7\" data-x=\"1\" data-y=\"7\" data-db-index=\"7\" class=\"htCenter bg-bfbfbf bold fsize-12\" data-cell-type=\"text\" data-original-value=\"94,00 \u20ac\" data-order=\"94,00 \u20ac\" >94,00 \u20ac <\/td><td data-cell-id=\"C7\" data-x=\"2\" data-y=\"7\" data-db-index=\"7\" class=\"htCenter bg-bfbfbf bold fsize-12\" data-cell-type=\"text\" data-original-value=\"130,00 \u20ac\" data-order=\"130,00 \u20ac\" >130,00 \u20ac <\/td><td data-cell-id=\"D7\" data-x=\"3\" data-y=\"7\" data-db-index=\"7\" class=\"htCenter bold fsize-12\" data-cell-type=\"text\" data-original-value=\"98,00 \u20ac\" data-order=\"98,00 \u20ac\" >98,00 \u20ac <\/td><td data-cell-id=\"E7\" data-x=\"4\" data-y=\"7\" data-db-index=\"7\" class=\"htCenter bold fsize-12\" data-cell-type=\"text\" data-original-value=\"134,00 \u20ac\" data-order=\"134,00 \u20ac\" >134,00 \u20ac <\/td><td data-cell-id=\"F7\" data-x=\"5\" data-y=\"7\" data-db-index=\"7\" class=\"htCenter bg-bfbfbf bold fsize-12\" data-cell-type=\"text\" data-original-value=\"104,00 \u20ac\" data-order=\"104,00 \u20ac\" >104,00 \u20ac <\/td><td data-cell-id=\"G7\" data-x=\"6\" data-y=\"7\" data-db-index=\"7\" class=\"htCenter bg-bfbfbf bold fsize-12\" data-cell-type=\"text\" data-original-value=\"140,00 \u20ac\" data-order=\"140,00 \u20ac\" >140,00 \u20ac <\/td><\/tr><tr style=\"height:px\" ><td data-cell-id=\"A8\" data-x=\"0\" data-y=\"8\" data-db-index=\"8\" class=\"fsize-12\" data-cell-type=\"text\" data-original-value=\"\" data-order=\"\" ><\/td><td data-cell-id=\"B8\" data-x=\"1\" data-y=\"8\" data-db-index=\"8\" class=\"fsize-12\" data-cell-type=\"text\" data-original-value=\"\" data-order=\"\" ><\/td><td data-cell-id=\"C8\" data-x=\"2\" data-y=\"8\" data-db-index=\"8\" class=\"fsize-12\" data-cell-type=\"text\" data-original-value=\"\" data-order=\"\" ><\/td><td data-cell-id=\"D8\" data-x=\"3\" data-y=\"8\" data-db-index=\"8\" class=\"fsize-12\" data-cell-type=\"text\" data-original-value=\"\" data-order=\"\" ><\/td><td data-cell-id=\"E8\" data-x=\"4\" data-y=\"8\" data-db-index=\"8\" class=\"fsize-12\" data-cell-type=\"text\" data-original-value=\"\" data-order=\"\" ><\/td><td data-cell-id=\"F8\" data-x=\"5\" data-y=\"8\" data-db-index=\"8\" class=\"fsize-12\" data-cell-type=\"text\" data-original-value=\"\" data-order=\"\" ><\/td><td data-cell-id=\"G8\" data-x=\"6\" data-y=\"8\" data-db-index=\"8\" class=\"fsize-12\" data-cell-type=\"text\" data-original-value=\"\" data-order=\"\" ><\/td><\/tr><tr style=\"height:px\" ><td data-cell-id=\"A9\" data-x=\"0\" data-y=\"9\" data-db-index=\"9\" class=\"fsize-12\" data-cell-type=\"text\" data-original-value=\"\" data-order=\"\" ><\/td><td data-cell-id=\"B9\" data-x=\"1\" data-y=\"9\" data-db-index=\"9\" class=\"fsize-12\" data-cell-type=\"text\" data-original-value=\"\" data-order=\"\" ><\/td><td data-cell-id=\"C9\" data-x=\"2\" data-y=\"9\" data-db-index=\"9\" class=\"fsize-12\" data-cell-type=\"text\" data-original-value=\"\" data-order=\"\" ><\/td><td data-cell-id=\"D9\" data-x=\"3\" data-y=\"9\" data-db-index=\"9\" class=\"htRight bold fsize-12\" data-cell-type=\"text\" data-original-value=\"Petit d\u00e9jeuner en salle\" data-order=\"Petit d\u00e9jeuner en salle\" data-colspan=\"3\" data-rowspan=\"1\" >Petit d\u00e9jeuner en salle <\/td><td data-cell-id=\"E9\" data-x=\"4\" data-y=\"9\" data-db-index=\"9\" class=\"htRight bold fsize-12\" data-cell-type=\"text\" data-original-value=\"\" data-order=\"\" data-hide=\"true\" ><\/td><td data-cell-id=\"F9\" data-x=\"5\" data-y=\"9\" data-db-index=\"9\" class=\"htRight bold fsize-12\" data-cell-type=\"text\" data-original-value=\"\" data-order=\"\" data-hide=\"true\" ><\/td><td data-cell-id=\"G9\" data-x=\"6\" data-y=\"9\" data-db-index=\"9\" class=\"bold fsize-12\" data-cell-type=\"text\" data-original-value=\"10\u20ac\" data-order=\"10\u20ac\" >10\u20ac <\/td><\/tr><tr style=\"height:px\" ><td data-cell-id=\"A10\" data-x=\"0\" data-y=\"10\" data-db-index=\"10\" class=\"fsize-12\" data-cell-type=\"text\" data-original-value=\"\" data-order=\"\" ><\/td><td data-cell-id=\"B10\" data-x=\"1\" data-y=\"10\" data-db-index=\"10\" class=\"fsize-12 htCenter\" data-cell-type=\"text\" data-original-value=\"\" data-order=\"\" ><\/td><td data-cell-id=\"C10\" data-x=\"2\" data-y=\"10\" data-db-index=\"10\" class=\"fsize-12 htCenter\" data-cell-type=\"text\" data-original-value=\"\" data-order=\"\" ><\/td><td data-cell-id=\"D10\" data-x=\"3\" data-y=\"10\" data-db-index=\"10\" class=\"htRight bold fsize-12\" data-cell-type=\"text\" data-original-value=\"Petit d\u00e9jeuner en chambre\" data-order=\"Petit d\u00e9jeuner en chambre\" data-colspan=\"3\" data-rowspan=\"1\" >Petit d\u00e9jeuner en chambre <\/td><td data-cell-id=\"E10\" data-x=\"4\" data-y=\"10\" data-db-index=\"10\" class=\"htRight bold fsize-12\" data-cell-type=\"text\" data-original-value=\"\" data-order=\"\" data-hide=\"true\" ><\/td><td data-cell-id=\"F10\" data-x=\"5\" data-y=\"10\" data-db-index=\"10\" class=\"htRight bold fsize-12\" data-cell-type=\"text\" data-original-value=\"\" data-order=\"\" data-hide=\"true\" ><\/td><td data-cell-id=\"G10\" data-x=\"6\" data-y=\"10\" data-db-index=\"10\" class=\"bold fsize-12\" data-cell-type=\"text\" data-original-value=\"11\u20ac\" data-order=\"11\u20ac\" >11\u20ac <\/td><\/tr><\/tbody><\/table><!-- \/#supsystic-table-1.supsystic-table --><\/div><!-- \/.supsystic-tables-wrap --><!-- Tables Generator by Supsystic --><!-- Version:1.11.0 --><!-- http:\/\/supsystic.com\/ --><a title=\"WordPress Table\" style=\"display:none;\" href=\"https:\/\/supsystic.com\/plugins\/wordpress-data-table-plugin\/?utm_medium=love_link\" target=\"_blank\" rel=\"noopener\">WordPress Table<\/a>\n<p style=\"text-align: center;\"><img decoding=\"async\" class=\"aligncenter  wp-image-1230\" src=\"https:\/\/www.hoteldefrance-montauban.fr\/wp-content\/uploads\/moyens.jpg\" alt=\"\" width=\"524\" height=\"253\" srcset=\"https:\/\/www.hoteldefrance-montauban.fr\/wp-content\/uploads\/moyens.jpg 632w, https:\/\/www.hoteldefrance-montauban.fr\/wp-content\/uploads\/moyens-24x12.jpg 24w, https:\/\/www.hoteldefrance-montauban.fr\/wp-content\/uploads\/moyens-36x17.jpg 36w, https:\/\/www.hoteldefrance-montauban.fr\/wp-content\/uploads\/moyens-48x23.jpg 48w\" sizes=\"(max-width: 524px) 100vw, 524px\" \/><\/p>\n<p><span style=\"color: #3366ff;\"><strong><em> &#8211; Le jour de votre d\u00e9part, merci de lib\u00e9rer la chambre avant 11h. La Direction se r\u00e9serve le droit de facturer une nuit suppl\u00e9mentaire apr\u00e8s ce d\u00e9lai.<\/em><\/strong><\/span><\/p>\n<p><span style=\"color: #3366ff;\"><strong><em> &#8211; Pour un d\u00e9part avant 7h00, veuillez r\u00e9gler votre s\u00e9jour la veille.<\/em><\/strong><\/span><\/p>\n<p style=\"text-align: center;\"><span style=\"color: #ff0000;\"><em><strong><span style=\"text-decoration: underline;\">Important<\/span> : Par mesure de s\u00e9curit\u00e9 et le bien-\u00eatre des futurs occupants, la Direction de l&rsquo;h\u00f4tel demande \u00e0 son aimable client\u00e8le de ne pas fumer dans les chambres.<\/strong><\/em><\/span><\/p>\n<p>Notre \u00e9tablissement propose gratuitement un acc\u00e8s internet wifi r\u00e9serv\u00e9 aux clients de l&rsquo;h\u00f4tel et disponible <img decoding=\"async\" class=\"alignleft wp-image-225\" src=\"http:\/\/www.hoteldefrance-montauban.fr\/wp-content\/uploads\/2015\/02\/wifi_logo.png\" alt=\"wifi_logo\" width=\"150\" height=\"150\">dans toutes les chambres. Gr\u00e2ce \u00e0 la proximit\u00e9 avec les \u00e9quipements de l&rsquo;op\u00e9rateur vous disposerez d&rsquo;une connexion haut d\u00e9bit tr\u00e8s performante (T.H.D.).<\/p>\n<p>Le cryptage de s\u00e9curit\u00e9 est r\u00e9guli\u00e8rement chang\u00e9 afin de limiter l&rsquo;utilisation abusive du service, les param\u00e8tres r\u00e9seau \u00ab\u00a0HOTELDEFRANCE\u00a0\u00bb sont disponibles dans les chambres. Notre \u00e9tablissement se r\u00e9serve le droit d&rsquo;interrompre l&rsquo;acc\u00e8s d&rsquo;un appareil&nbsp;par le blocage de son&nbsp; adresse MAC et informer les autorit\u00e9s comp\u00e9tentes si un usage non conforme est constat\u00e9.<\/p>\n<p>Dans le cadre de la loi de janvier 2013, encadrant la cybercriminalit\u00e9, l&rsquo;\u00e9tablissement a l&rsquo;obligation de connaitre l&rsquo;identit\u00e9 de ses clients.<\/p>\n<p>&nbsp;<\/p>\n","protected":false},"excerpt":{"rendered":"<p>Notre \u00e9tablissement a \u00e9t\u00e9 class\u00e9 2 \u00e9toiles en avril 2021, en r\u00e9pondant aux crit\u00e8res de la nouvelle r\u00e8glementation europ\u00e9enne de 2010 sur la qualit\u00e9 d&rsquo;h\u00e9bergement. Une grande partie de nos chambres a \u00e9t\u00e9 r\u00e9cemment r\u00e9nov\u00e9es, nos avons souhait\u00e9 que la&hellip;<\/p>\n<p class=\"more-link-p\"><a class=\"more-link\" href=\"https:\/\/www.hoteldefrance-montauban.fr\/?page_id=27\">Read more &rarr;<\/a><\/p>\n","protected":false},"author":1,"featured_media":0,"parent":0,"menu_order":0,"comment_status":"closed","ping_status":"closed","template":"","meta":{"ngg_post_thumbnail":0,"footnotes":""},"class_list":["post-27","page","type-page","status-publish","hentry"],"_links":{"self":[{"href":"https:\/\/www.hoteldefrance-montauban.fr\/index.php?rest_route=\/wp\/v2\/pages\/27","targetHints":{"allow":["GET"]}}],"collection":[{"href":"https:\/\/www.hoteldefrance-montauban.fr\/index.php?rest_route=\/wp\/v2\/pages"}],"about":[{"href":"https:\/\/www.hoteldefrance-montauban.fr\/index.php?rest_route=\/wp\/v2\/types\/page"}],"author":[{"embeddable":true,"href":"https:\/\/www.hoteldefrance-montauban.fr\/index.php?rest_route=\/wp\/v2\/users\/1"}],"replies":[{"embeddable":true,"href":"https:\/\/www.hoteldefrance-montauban.fr\/index.php?rest_route=%2Fwp%2Fv2%2Fcomments&post=27"}],"version-history":[{"count":121,"href":"https:\/\/www.hoteldefrance-montauban.fr\/index.php?rest_route=\/wp\/v2\/pages\/27\/revisions"}],"predecessor-version":[{"id":1294,"href":"https:\/\/www.hoteldefrance-montauban.fr\/index.php?rest_route=\/wp\/v2\/pages\/27\/revisions\/1294"}],"wp:attachment":[{"href":"https:\/\/www.hoteldefrance-montauban.fr\/index.php?rest_route=%2Fwp%2Fv2%2Fmedia&parent=27"}],"curies":[{"name":"wp","href":"https:\/\/api.w.org\/{rel}","templated":true}]}}