{"id":156,"date":"2015-03-16T17:11:49","date_gmt":"2015-03-16T17:11:49","guid":{"rendered":"http:\/\/www.hoteldefrance-montauban.fr\/?page_id=156"},"modified":"2025-04-18T09:06:36","modified_gmt":"2025-04-18T09:06:36","slug":"chambres-grand-confort","status":"publish","type":"page","link":"https:\/\/www.hoteldefrance-montauban.fr\/?page_id=156","title":{"rendered":"Chambres Grand confort"},"content":{"rendered":"<p style=\"text-align: left;\">Avec nos deux chambres \u00ab\u00a0Grand confort\u00a0\u00bb douche\/wc, vous disposerez de plus d&rsquo;espace dans un environnement aux couleurs modernes, d&rsquo;une literie haut de gamme, d&rsquo;un t\u00e9l\u00e9viseur grand \u00e9cran, d&rsquo;un espace repos ou de travail et de services r\u00e9serv\u00e9s.<\/p>\n<p style=\"text-align: center;\"><img fetchpriority=\"high\" decoding=\"async\" class=\"aligncenter size-full wp-image-431\" src=\"http:\/\/www.hoteldefrance-montauban.fr\/wp-content\/uploads\/2015\/03\/pano_0093.jpg\" alt=\"pano_0093\" width=\"778\" height=\"196\" srcset=\"https:\/\/www.hoteldefrance-montauban.fr\/wp-content\/uploads\/2015\/03\/pano_0093.jpg 778w, https:\/\/www.hoteldefrance-montauban.fr\/wp-content\/uploads\/2015\/03\/pano_0093-632x159.jpg 632w\" sizes=\"(max-width: 778px) 100vw, 778px\" \/><\/p>\n<p style=\"text-align: center;\"><img decoding=\"async\" class=\"aligncenter size-full wp-image-1644\" src=\"https:\/\/www.hoteldefrance-montauban.fr\/wp-content\/uploads\/IMG_20250417_125238-scaled.jpg\" alt=\"\" width=\"2560\" height=\"1155\" srcset=\"https:\/\/www.hoteldefrance-montauban.fr\/wp-content\/uploads\/IMG_20250417_125238-scaled.jpg 2560w, https:\/\/www.hoteldefrance-montauban.fr\/wp-content\/uploads\/IMG_20250417_125238-632x285.jpg 632w, https:\/\/www.hoteldefrance-montauban.fr\/wp-content\/uploads\/IMG_20250417_125238-1020x460.jpg 1020w, https:\/\/www.hoteldefrance-montauban.fr\/wp-content\/uploads\/IMG_20250417_125238-768x346.jpg 768w, https:\/\/www.hoteldefrance-montauban.fr\/wp-content\/uploads\/IMG_20250417_125238-1536x693.jpg 1536w, https:\/\/www.hoteldefrance-montauban.fr\/wp-content\/uploads\/IMG_20250417_125238-2048x924.jpg 2048w, https:\/\/www.hoteldefrance-montauban.fr\/wp-content\/uploads\/IMG_20250417_125238-24x11.jpg 24w, https:\/\/www.hoteldefrance-montauban.fr\/wp-content\/uploads\/IMG_20250417_125238-36x16.jpg 36w, https:\/\/www.hoteldefrance-montauban.fr\/wp-content\/uploads\/IMG_20250417_125238-48x22.jpg 48w\" sizes=\"(max-width: 2560px) 100vw, 2560px\" \/><\/p>\n<p style=\"text-align: center;\"><div id=\"metaslider-id-163\" style=\"width: 100%; margin: 0 auto;\" class=\"ml-slider-3-107-0 metaslider metaslider-flex metaslider-163 ml-slider has-carousel-mode ms-theme-default nav-hidden\" role=\"region\" aria-label=\"GC\" data-height=\"360\" data-width=\"460\">\n    <div id=\"metaslider_container_163\">\n        <div id=\"metaslider_163\" class=\"flexslider\">\n            <ul class='slides'>\n                <li style=\"display: none; width: 100%;\" class=\"slide-1648 ms-image \" aria-roledescription=\"slide\" data-date=\"2025-04-18 09:08:09\" data-filename=\"IMG_20250417_183525-scaled-460x360.jpg\" data-slide-type=\"image\"><img decoding=\"async\" src=\"https:\/\/www.hoteldefrance-montauban.fr\/wp-content\/uploads\/IMG_20250417_183525-scaled-460x360.jpg\" height=\"360\" width=\"460\" alt=\"\" class=\"slider-163 slide-1648 msDefaultImage\" title=\"IMG_20250417_183525\" \/><div class=\"caption-wrap\"><div class=\"caption\"><div>Chambre \"Grand Confort\" Douche-WC<\/div><\/div><\/div><\/li>\n                <li style=\"display: none; width: 100%;\" class=\"slide-1649 ms-image \" aria-roledescription=\"slide\" data-date=\"2025-04-18 09:09:47\" data-filename=\"IMG_20250417_125013-scaled-460x360.jpg\" data-slide-type=\"image\"><img loading=\"lazy\" decoding=\"async\" src=\"https:\/\/www.hoteldefrance-montauban.fr\/wp-content\/uploads\/IMG_20250417_125013-scaled-460x360.jpg\" height=\"360\" width=\"460\" alt=\"\" class=\"slider-163 slide-1649 msDefaultImage\" title=\"IMG_20250417_125013\" \/><div class=\"caption-wrap\"><div class=\"caption\"><div>Chambre \"Grand Confort\" Douche-WC<\/div><\/div><\/div><\/li>\n                <li style=\"display: none; width: 100%;\" class=\"slide-878 ms-image \" aria-roledescription=\"slide\" data-date=\"2018-08-10 19:59:27\" data-filename=\"sb20.jpg\" data-slide-type=\"image\"><img loading=\"lazy\" decoding=\"async\" src=\"https:\/\/www.hoteldefrance-montauban.fr\/wp-content\/uploads\/sb20.jpg\" height=\"360\" width=\"460\" alt=\"\" class=\"slider-163 slide-878 msDefaultImage\" title=\"sb20\" \/><\/li>\n                <li style=\"display: none; width: 100%;\" class=\"slide-422 ms-image \" aria-roledescription=\"slide\" data-date=\"2015-03-30 15:50:23\" data-filename=\"gc_0184-460x360.jpg\" data-slide-type=\"image\"><img loading=\"lazy\" decoding=\"async\" src=\"https:\/\/www.hoteldefrance-montauban.fr\/wp-content\/uploads\/2015\/03\/gc_0184-460x360.jpg\" height=\"360\" width=\"460\" alt=\"\" class=\"slider-163 slide-422 msDefaultImage\" \/><\/li>\n                <li style=\"display: none; width: 100%;\" class=\"slide-423 ms-image \" aria-roledescription=\"slide\" data-date=\"2015-03-30 15:50:25\" data-filename=\"gc_0185-460x360.jpg\" data-slide-type=\"image\"><img loading=\"lazy\" decoding=\"async\" src=\"https:\/\/www.hoteldefrance-montauban.fr\/wp-content\/uploads\/2015\/03\/gc_0185-460x360.jpg\" height=\"360\" width=\"460\" alt=\"\" class=\"slider-163 slide-423 msDefaultImage\" \/><\/li>\n                <li style=\"display: none; width: 100%;\" class=\"slide-429 ms-image \" aria-roledescription=\"slide\" data-date=\"2015-03-30 19:04:33\" data-filename=\"gc_0186-460x360.jpg\" data-slide-type=\"image\"><img loading=\"lazy\" decoding=\"async\" src=\"https:\/\/www.hoteldefrance-montauban.fr\/wp-content\/uploads\/2015\/03\/gc_0186-460x360.jpg\" height=\"360\" width=\"460\" alt=\"\" class=\"slider-163 slide-429 msDefaultImage\" \/><\/li>\n                <li style=\"display: none; width: 100%;\" class=\"slide-430 ms-image \" aria-roledescription=\"slide\" data-date=\"2015-03-30 19:21:13\" data-filename=\"gc_0189-460x360.jpg\" data-slide-type=\"image\"><img loading=\"lazy\" decoding=\"async\" src=\"https:\/\/www.hoteldefrance-montauban.fr\/wp-content\/uploads\/2015\/03\/gc_0189-460x360.jpg\" height=\"360\" width=\"460\" alt=\"\" class=\"slider-163 slide-430 msDefaultImage\" \/><\/li>\n                <li style=\"display: none; width: 100%;\" class=\"slide-425 ms-image \" aria-roledescription=\"slide\" data-date=\"2015-03-30 15:50:27\" data-filename=\"gc_0192-460x360.jpg\" data-slide-type=\"image\"><img loading=\"lazy\" decoding=\"async\" src=\"https:\/\/www.hoteldefrance-montauban.fr\/wp-content\/uploads\/2015\/03\/gc_0192-460x360.jpg\" height=\"360\" width=\"460\" alt=\"\" class=\"slider-163 slide-425 msDefaultImage\" \/><\/li>\n                <li style=\"display: none; width: 100%;\" class=\"slide-426 ms-image \" aria-roledescription=\"slide\" data-date=\"2015-03-30 15:50:29\" data-filename=\"gc_0193-460x360.jpg\" data-slide-type=\"image\"><img loading=\"lazy\" decoding=\"async\" src=\"https:\/\/www.hoteldefrance-montauban.fr\/wp-content\/uploads\/2015\/03\/gc_0193-460x360.jpg\" height=\"360\" width=\"460\" alt=\"\" class=\"slider-163 slide-426 msDefaultImage\" \/><\/li>\n            <\/ul>\n        <\/div>\n        \n    <\/div>\n<\/div>\n","protected":false},"excerpt":{"rendered":"<p>Avec nos deux chambres \u00ab\u00a0Grand confort\u00a0\u00bb douche\/wc, vous disposerez de plus d&rsquo;espace dans un environnement aux couleurs modernes, d&rsquo;une literie haut de gamme, d&rsquo;un t\u00e9l\u00e9viseur grand \u00e9cran, d&rsquo;un espace repos ou de travail et de services r\u00e9serv\u00e9s.<\/p>\n","protected":false},"author":1,"featured_media":0,"parent":0,"menu_order":0,"comment_status":"closed","ping_status":"closed","template":"","meta":{"ngg_post_thumbnail":0,"footnotes":""},"class_list":["post-156","page","type-page","status-publish","hentry"],"_links":{"self":[{"href":"https:\/\/www.hoteldefrance-montauban.fr\/index.php?rest_route=\/wp\/v2\/pages\/156","targetHints":{"allow":["GET"]}}],"collection":[{"href":"https:\/\/www.hoteldefrance-montauban.fr\/index.php?rest_route=\/wp\/v2\/pages"}],"about":[{"href":"https:\/\/www.hoteldefrance-montauban.fr\/index.php?rest_route=\/wp\/v2\/types\/page"}],"author":[{"embeddable":true,"href":"https:\/\/www.hoteldefrance-montauban.fr\/index.php?rest_route=\/wp\/v2\/users\/1"}],"replies":[{"embeddable":true,"href":"https:\/\/www.hoteldefrance-montauban.fr\/index.php?rest_route=%2Fwp%2Fv2%2Fcomments&post=156"}],"version-history":[{"count":10,"href":"https:\/\/www.hoteldefrance-montauban.fr\/index.php?rest_route=\/wp\/v2\/pages\/156\/revisions"}],"predecessor-version":[{"id":1645,"href":"https:\/\/www.hoteldefrance-montauban.fr\/index.php?rest_route=\/wp\/v2\/pages\/156\/revisions\/1645"}],"wp:attachment":[{"href":"https:\/\/www.hoteldefrance-montauban.fr\/index.php?rest_route=%2Fwp%2Fv2%2Fmedia&parent=156"}],"curies":[{"name":"wp","href":"https:\/\/api.w.org\/{rel}","templated":true}]}}